{"id":102702,"date":"2020-11-24T12:55:14","date_gmt":"2020-11-24T11:55:14","guid":{"rendered":"https:\/\/cartamundi.fr\/?page_id=102702"},"modified":"2020-12-07T11:45:28","modified_gmt":"2020-12-07T10:45:28","slug":"color-addict-xl-hoptik-ducale","status":"publish","type":"page","link":"https:\/\/cartamundi.fr\/fr\/color-addict-xl-hoptik-ducale\/","title":{"rendered":"Color Addict XL et HOPTiK &#8211; Ducale, le jeu Fran\u00e7ais"},"content":{"rendered":"<h1>Color Addict revient dans une version XL !<\/h1>\n<p><strong>D\u00e9couvrez plus de cartes couleurs et des lunettes rouges pour emb\u00eater vos adversaires dans ce jeu d\u2019ambiance et de rapidit\u00e9 pour petits et grands, avec une r\u00e8gle simple qui fera travailler vos r\u00e9flexes !<\/strong><\/p>\n<p>Pour gagner, d\u00e9barrassez-vous de vos cartes le plus vite possible en superposant les mots, les couleurs, les deux ou l\u2019inverse\u2026 Sans oublier les cartes Joker &#8220;Fais ta star&#8221; qui voleront \u00e0 votre secours lorsque vous en aurez le plus besoin (ou pas toujours) pour changer de couleur. Et pour le plaisir, de superbes lunettes rouges en bonus (ou malus !), qui vont changer votre vision de la vie&#8230; et des cartes !<\/p>\n<p>Deux modes de jeu possibles : \u00ab facile \u00bb pour les d\u00e9butants, jouez au tour par tour pour vous \u00e9chauffer le cerveau. Ou alors \u00ab sans piti\u00e9 \u00bb pour les plus aguerris ! Tous les joueurs jouent en m\u00eame temps et la loi du plus rapide l&#8217;emporte&#8230;<\/p>\n<p><a href=\"https:\/\/cartamundi.fr\/app\/uploads\/2020\/11\/Color-Addict-xl-jeu-de-soci\u00e9t\u00e9-rapidite-famille-ducale-carre.jpg\"><img loading=\"lazy\" class=\"alignnone wp-image-102723 size-full\" src=\"https:\/\/cartamundi.fr\/app\/uploads\/2020\/11\/Color-Addict-xl-jeu-de-soci\u00e9t\u00e9-rapidite-famille-ducale-carre.jpg\" alt=\"Jeu de soci\u00e9t\u00e9 Color Addict XL\" width=\"1080\" height=\"1080\" srcset=\"https:\/\/cartamundi.fr\/app\/uploads\/2020\/11\/Color-Addict-xl-jeu-de-soci\u00e9t\u00e9-rapidite-famille-ducale-carre.jpg 1080w, https:\/\/cartamundi.fr\/app\/uploads\/2020\/11\/Color-Addict-xl-jeu-de-soci\u00e9t\u00e9-rapidite-famille-ducale-carre-150x150.jpg 150w, https:\/\/cartamundi.fr\/app\/uploads\/2020\/11\/Color-Addict-xl-jeu-de-soci\u00e9t\u00e9-rapidite-famille-ducale-carre-1024x1024.jpg 1024w, https:\/\/cartamundi.fr\/app\/uploads\/2020\/11\/Color-Addict-xl-jeu-de-soci\u00e9t\u00e9-rapidite-famille-ducale-carre-768x768.jpg 768w, https:\/\/cartamundi.fr\/app\/uploads\/2020\/11\/Color-Addict-xl-jeu-de-soci\u00e9t\u00e9-rapidite-famille-ducale-carre-341x341.jpg 341w, https:\/\/cartamundi.fr\/app\/uploads\/2020\/11\/Color-Addict-xl-jeu-de-soci\u00e9t\u00e9-rapidite-famille-ducale-carre-400x400.jpg 400w, https:\/\/cartamundi.fr\/app\/uploads\/2020\/11\/Color-Addict-xl-jeu-de-soci\u00e9t\u00e9-rapidite-famille-ducale-carre-480x480.jpg 480w, https:\/\/cartamundi.fr\/app\/uploads\/2020\/11\/Color-Addict-xl-jeu-de-soci\u00e9t\u00e9-rapidite-famille-ducale-carre-640x640.jpg 640w, https:\/\/cartamundi.fr\/app\/uploads\/2020\/11\/Color-Addict-xl-jeu-de-soci\u00e9t\u00e9-rapidite-famille-ducale-carre-682x682.jpg 682w, https:\/\/cartamundi.fr\/app\/uploads\/2020\/11\/Color-Addict-xl-jeu-de-soci\u00e9t\u00e9-rapidite-famille-ducale-carre-800x800.jpg 800w, https:\/\/cartamundi.fr\/app\/uploads\/2020\/11\/Color-Addict-xl-jeu-de-soci\u00e9t\u00e9-rapidite-famille-ducale-carre-960x960.jpg 960w, https:\/\/cartamundi.fr\/app\/uploads\/2020\/11\/Color-Addict-xl-jeu-de-soci\u00e9t\u00e9-rapidite-famille-ducale-carre-460x460.jpg 460w, https:\/\/cartamundi.fr\/app\/uploads\/2020\/11\/Color-Addict-xl-jeu-de-soci\u00e9t\u00e9-rapidite-famille-ducale-carre-540x540.jpg 540w, https:\/\/cartamundi.fr\/app\/uploads\/2020\/11\/Color-Addict-xl-jeu-de-soci\u00e9t\u00e9-rapidite-famille-ducale-carre-648x648.jpg 648w, https:\/\/cartamundi.fr\/app\/uploads\/2020\/11\/Color-Addict-xl-jeu-de-soci\u00e9t\u00e9-rapidite-famille-ducale-carre-864x864.jpg 864w, https:\/\/cartamundi.fr\/app\/uploads\/2020\/11\/Color-Addict-xl-jeu-de-soci\u00e9t\u00e9-rapidite-famille-ducale-carre-921x921.jpg 921w, https:\/\/cartamundi.fr\/app\/uploads\/2020\/11\/Color-Addict-xl-jeu-de-soci\u00e9t\u00e9-rapidite-famille-ducale-carre-512x512.jpg 512w, https:\/\/cartamundi.fr\/app\/uploads\/2020\/11\/Color-Addict-xl-jeu-de-soci\u00e9t\u00e9-rapidite-famille-ducale-carre-600x600.jpg 600w, https:\/\/cartamundi.fr\/app\/uploads\/2020\/11\/Color-Addict-xl-jeu-de-soci\u00e9t\u00e9-rapidite-famille-ducale-carre-720x720.jpg 720w, https:\/\/cartamundi.fr\/app\/uploads\/2020\/11\/Color-Addict-xl-jeu-de-soci\u00e9t\u00e9-rapidite-famille-ducale-carre-563x563.jpg 563w, https:\/\/cartamundi.fr\/app\/uploads\/2020\/11\/Color-Addict-xl-jeu-de-soci\u00e9t\u00e9-rapidite-famille-ducale-carre-660x660.jpg 660w, https:\/\/cartamundi.fr\/app\/uploads\/2020\/11\/Color-Addict-xl-jeu-de-soci\u00e9t\u00e9-rapidite-famille-ducale-carre-792x792.jpg 792w, https:\/\/cartamundi.fr\/app\/uploads\/2020\/11\/Color-Addict-xl-jeu-de-soci\u00e9t\u00e9-rapidite-famille-ducale-carre-1056x1056.jpg 1056w, https:\/\/cartamundi.fr\/app\/uploads\/2020\/11\/Color-Addict-xl-jeu-de-soci\u00e9t\u00e9-rapidite-famille-ducale-carre-250x250.jpg 250w, https:\/\/cartamundi.fr\/app\/uploads\/2020\/11\/Color-Addict-xl-jeu-de-soci\u00e9t\u00e9-rapidite-famille-ducale-carre-500x500.jpg 500w\" sizes=\"(max-width: 1080px) 100vw, 1080px\" \/><\/a><\/p>\n<p>Si vous avez d\u00e9j\u00e0 la chance d\u2019avoir la version \u00ab classique \u00bb de Color Addict, vous pouvez combiner les jeux pour jouer encore plus longtemps, et avec encore plus de joueurs !<\/p>\n<p><strong>D\u00e8s 6 ans, 2 \u00e0 6 joueurs<\/strong><br \/>\nContient 110 cartes, une paire de lunettes rouges et la r\u00e8gle du jeu imprim\u00e9e dans la bo\u00eete.<\/p>\n<p>&nbsp;<\/p>\n<h1>Le jeu HOPTiK! (by Color Addict), c\u2019est un buzzer et des cartes carr\u00e9es, \u00e9crites en rond\u2026 et recto verso en plus !<\/h1>\n<p>Le but du jeu ? Devenir compl\u00e8tement fou, mais surtout r\u00e9cup\u00e9rer toutes les cartes de ses adversaires en faisant des paires !<\/p>\n<p>Chaque joueur place son tas de cartes devant lui, et chacun leur tour, les joueurs vont retourner la premi\u00e8re carte de leur jeu : tout le monde joue en m\u00eame temps, alors si le fond d\u2019une carte matche avec le mot d\u2019une autre, il faut buzzer le plus rapidement possible ! Sans oublier que des cartes sp\u00e9ciales viendront aussi pimenter la partie\u2026<\/p>\n<p><a href=\"https:\/\/cartamundi.fr\/app\/uploads\/2020\/11\/HOPTIK-jeu-de-soci\u00e9t\u00e9-famille-ducale-color-addict-carre.jpg\"><img loading=\"lazy\" class=\"alignnone wp-image-102731 size-full\" src=\"https:\/\/cartamundi.fr\/app\/uploads\/2020\/11\/HOPTIK-jeu-de-soci\u00e9t\u00e9-famille-ducale-color-addict-carre.jpg\" alt=\"Jeu de soci\u00e9t\u00e9 HOPTiK\" width=\"1080\" height=\"1082\" srcset=\"https:\/\/cartamundi.fr\/app\/uploads\/2020\/11\/HOPTIK-jeu-de-soci\u00e9t\u00e9-famille-ducale-color-addict-carre.jpg 1080w, https:\/\/cartamundi.fr\/app\/uploads\/2020\/11\/HOPTIK-jeu-de-soci\u00e9t\u00e9-famille-ducale-color-addict-carre-150x150.jpg 150w, https:\/\/cartamundi.fr\/app\/uploads\/2020\/11\/HOPTIK-jeu-de-soci\u00e9t\u00e9-famille-ducale-color-addict-carre-1024x1026.jpg 1024w, https:\/\/cartamundi.fr\/app\/uploads\/2020\/11\/HOPTIK-jeu-de-soci\u00e9t\u00e9-famille-ducale-color-addict-carre-768x769.jpg 768w, https:\/\/cartamundi.fr\/app\/uploads\/2020\/11\/HOPTIK-jeu-de-soci\u00e9t\u00e9-famille-ducale-color-addict-carre-341x342.jpg 341w, https:\/\/cartamundi.fr\/app\/uploads\/2020\/11\/HOPTIK-jeu-de-soci\u00e9t\u00e9-famille-ducale-color-addict-carre-400x401.jpg 400w, https:\/\/cartamundi.fr\/app\/uploads\/2020\/11\/HOPTIK-jeu-de-soci\u00e9t\u00e9-famille-ducale-color-addict-carre-480x481.jpg 480w, https:\/\/cartamundi.fr\/app\/uploads\/2020\/11\/HOPTIK-jeu-de-soci\u00e9t\u00e9-famille-ducale-color-addict-carre-640x641.jpg 640w, https:\/\/cartamundi.fr\/app\/uploads\/2020\/11\/HOPTIK-jeu-de-soci\u00e9t\u00e9-famille-ducale-color-addict-carre-682x683.jpg 682w, https:\/\/cartamundi.fr\/app\/uploads\/2020\/11\/HOPTIK-jeu-de-soci\u00e9t\u00e9-famille-ducale-color-addict-carre-800x801.jpg 800w, https:\/\/cartamundi.fr\/app\/uploads\/2020\/11\/HOPTIK-jeu-de-soci\u00e9t\u00e9-famille-ducale-color-addict-carre-960x962.jpg 960w, https:\/\/cartamundi.fr\/app\/uploads\/2020\/11\/HOPTIK-jeu-de-soci\u00e9t\u00e9-famille-ducale-color-addict-carre-460x461.jpg 460w, https:\/\/cartamundi.fr\/app\/uploads\/2020\/11\/HOPTIK-jeu-de-soci\u00e9t\u00e9-famille-ducale-color-addict-carre-540x541.jpg 540w, https:\/\/cartamundi.fr\/app\/uploads\/2020\/11\/HOPTIK-jeu-de-soci\u00e9t\u00e9-famille-ducale-color-addict-carre-648x649.jpg 648w, https:\/\/cartamundi.fr\/app\/uploads\/2020\/11\/HOPTIK-jeu-de-soci\u00e9t\u00e9-famille-ducale-color-addict-carre-864x866.jpg 864w, https:\/\/cartamundi.fr\/app\/uploads\/2020\/11\/HOPTIK-jeu-de-soci\u00e9t\u00e9-famille-ducale-color-addict-carre-921x923.jpg 921w, https:\/\/cartamundi.fr\/app\/uploads\/2020\/11\/HOPTIK-jeu-de-soci\u00e9t\u00e9-famille-ducale-color-addict-carre-512x513.jpg 512w, https:\/\/cartamundi.fr\/app\/uploads\/2020\/11\/HOPTIK-jeu-de-soci\u00e9t\u00e9-famille-ducale-color-addict-carre-600x601.jpg 600w, https:\/\/cartamundi.fr\/app\/uploads\/2020\/11\/HOPTIK-jeu-de-soci\u00e9t\u00e9-famille-ducale-color-addict-carre-720x721.jpg 720w, https:\/\/cartamundi.fr\/app\/uploads\/2020\/11\/HOPTIK-jeu-de-soci\u00e9t\u00e9-famille-ducale-color-addict-carre-563x564.jpg 563w, https:\/\/cartamundi.fr\/app\/uploads\/2020\/11\/HOPTIK-jeu-de-soci\u00e9t\u00e9-famille-ducale-color-addict-carre-660x661.jpg 660w, https:\/\/cartamundi.fr\/app\/uploads\/2020\/11\/HOPTIK-jeu-de-soci\u00e9t\u00e9-famille-ducale-color-addict-carre-792x793.jpg 792w, https:\/\/cartamundi.fr\/app\/uploads\/2020\/11\/HOPTIK-jeu-de-soci\u00e9t\u00e9-famille-ducale-color-addict-carre-1056x1058.jpg 1056w, https:\/\/cartamundi.fr\/app\/uploads\/2020\/11\/HOPTIK-jeu-de-soci\u00e9t\u00e9-famille-ducale-color-addict-carre-250x250.jpg 250w, https:\/\/cartamundi.fr\/app\/uploads\/2020\/11\/HOPTIK-jeu-de-soci\u00e9t\u00e9-famille-ducale-color-addict-carre-500x500.jpg 500w\" sizes=\"(max-width: 1080px) 100vw, 1080px\" \/><\/a><\/p>\n<p>D\u00e8s 7 ans, 2 \u00e0 6 joueurs<br \/>\nContient 110 cartes, un buzzer et la r\u00e8gle du jeu imprim\u00e9e dans la bo\u00eete.<\/p>\n<p>Jeux disponibles dans les grandes enseignes de jeux-jouets, boutiques sp\u00e9cialis\u00e9es et e-commerce.<br \/>\n<strong>Suivez l&#8217;actualit\u00e9 de nos jeux sur <a href=\"https:\/\/www.facebook.com\/jeuxducale\" target=\"_blank\" rel=\"noopener\">Facebook<\/a> et <a href=\"https:\/\/www.instagram.com\/jeuxducale\/\" target=\"_blank\" rel=\"noopener\">Instagram<\/a><\/strong><\/p>\n","protected":false},"excerpt":{"rendered":"<p>Color Addict revient dans une version XL ! D\u00e9couvrez plus de cartes couleurs et des lunettes rouges pour emb\u00eater vos adversaires dans ce jeu d\u2019ambiance et de rapidit\u00e9 pour petits et grands, avec une r\u00e8gle simple qui fera travailler vos r\u00e9flexes ! Pour gagner, d\u00e9barrassez-vous de vos cartes le plus vite possible en superposant les &hellip; <a href=\"https:\/\/cartamundi.fr\/fr\/color-addict-xl-hoptik-ducale\/\">Continued<\/a><\/p>\n","protected":false},"author":14,"featured_media":0,"parent":0,"menu_order":2,"comment_status":"closed","ping_status":"closed","template":"","meta":[],"pure_taxonomies":[],"acf":[],"_links":{"self":[{"href":"https:\/\/cartamundi.fr\/fr\/wp-json\/wp\/v2\/pages\/102702"}],"collection":[{"href":"https:\/\/cartamundi.fr\/fr\/wp-json\/wp\/v2\/pages"}],"about":[{"href":"https:\/\/cartamundi.fr\/fr\/wp-json\/wp\/v2\/types\/page"}],"author":[{"embeddable":true,"href":"https:\/\/cartamundi.fr\/fr\/wp-json\/wp\/v2\/users\/14"}],"replies":[{"embeddable":true,"href":"https:\/\/cartamundi.fr\/fr\/wp-json\/wp\/v2\/comments?post=102702"}],"version-history":[{"count":16,"href":"https:\/\/cartamundi.fr\/fr\/wp-json\/wp\/v2\/pages\/102702\/revisions"}],"predecessor-version":[{"id":103904,"href":"https:\/\/cartamundi.fr\/fr\/wp-json\/wp\/v2\/pages\/102702\/revisions\/103904"}],"wp:attachment":[{"href":"https:\/\/cartamundi.fr\/fr\/wp-json\/wp\/v2\/media?parent=102702"}],"curies":[{"name":"wp","href":"https:\/\/api.w.org\/{rel}","templated":true}]}}