{"id":11456,"date":"2018-06-08T08:05:44","date_gmt":"2018-06-08T07:05:44","guid":{"rendered":"https:\/\/cartamundi.fr\/?page_id=11456"},"modified":"2021-04-21T16:49:32","modified_gmt":"2021-04-21T15:49:32","slug":"regles-de-jeux","status":"publish","type":"page","link":"https:\/\/cartamundi.fr\/fr\/regles-de-jeux\/","title":{"rendered":"R\u00e8gles de jeux"},"content":{"rendered":"","protected":false},"excerpt":{"rendered":"","protected":false},"author":14,"featured_media":0,"parent":0,"menu_order":20,"comment_status":"closed","ping_status":"closed","template":"page-technical.php","meta":[],"pure_taxonomies":[],"acf":{"cta_text":"D\u00e9couvrez de nombreux jeux et r\u00e8gles de jeux Ducale","cta_button_text":"jeux-ducale.fr","cta_link":"https:\/\/jeux-ducale.fr\/","choose_title":"Toutes nos r\u00e8gles de jeux","send_title":"","how_to_info":"","product":[{"name":"Jeux de cartes Junior","description":"Ces jeux contiennent des cartes \u00e0 jouer adapt\u00e9es aux enfants avec des illustrations enfantines et un marquage id\u00e9al pour facilit\u00e9 l'apprentissage !<br \/>\r\n<a href=\"https:\/\/jeux-ducale.fr\/nos-jeux\/\">Plus d'informations sur les jeux pour enfants \"Mes Premiers jeux de cartes\" de Ducale<\/a>","group_of_files":[{"name":"Belote Junior","files":[{"name":"Les r\u00e8gles simplifi\u00e9es et \u00e9volutives de la Belote et ses variantes ! ","description":"Pour jouer, vous avez besoin du jeu de 32 cartes Belote Junior, du d\u00e9 des atouts et des cartes jetons.\r\n\u00c0 partir de 6 ans \/ 2 \u00e0 6 joueurs","file":{"ID":21777,"id":21777,"title":"R\u00e8gles de jeux Belote Junior","filename":"729710_notice_belote-1.pdf","url":"https:\/\/cartamundi.fr\/app\/uploads\/2018\/06\/729710_notice_belote-1.pdf","alt":"","author":"14","description":"R\u00e8gle d\u00e9taill\u00e9e du jeu Belote Junior","caption":"","name":"729710_notice_belote-2","date":"2018-06-19 14:31:18","modified":"2018-07-11 14:22:01","mime_type":"application\/pdf","type":"application","icon":"https:\/\/cartamundi.fr\/wp\/wp-includes\/images\/media\/document.png"}}]},{"name":"Tarot","files":[{"name":"Les r\u00e8gles simplifi\u00e9es et \u00e9volutives du Tarot ! ","description":"Pour jouer, vous avez besoin du jeu de 78 cartes Tarot Junior.\r\n\u00c0 partir de 6 ans \/ 3 \u00e0 6 joueurs","file":{"ID":21773,"id":21773,"title":"R\u00e8gles de jeux Tarot Junior","filename":"729107_notice_tarot.pdf","url":"https:\/\/cartamundi.fr\/app\/uploads\/2018\/06\/729107_notice_tarot.pdf","alt":"","author":"14","description":"R\u00e8gle d\u00e9taill\u00e9e du jeu Tarot Junior","caption":"","name":"729107_notice_tarot","date":"2018-06-19 14:15:15","modified":"2018-07-11 14:22:34","mime_type":"application\/pdf","type":"application","icon":"https:\/\/cartamundi.fr\/wp\/wp-includes\/images\/media\/document.png"}}]},{"name":"Rami","files":[{"name":"Les r\u00e8gles simplifi\u00e9es et \u00e9volutives du Rami ! ","description":"Pour jouer, vous avez besoin des 2 jeux de 54 cartes Rami Junior.\r\n\u00c0 partir de 6 ans \/ 2 \u00e0 6 joueurs","file":{"ID":21774,"id":21774,"title":"R\u00e8gles de jeux Rami Junior","filename":"729720_notice_RAMI.pdf","url":"https:\/\/cartamundi.fr\/app\/uploads\/2018\/06\/729720_notice_RAMI.pdf","alt":"","author":"14","description":"R\u00e8gle d\u00e9taill\u00e9e du jeu Rami Junior","caption":"","name":"729720_notice_rami","date":"2018-06-19 14:15:47","modified":"2018-07-11 14:22:30","mime_type":"application\/pdf","type":"application","icon":"https:\/\/cartamundi.fr\/wp\/wp-includes\/images\/media\/document.png"}}]},{"name":"Les Batailles","files":[{"name":"Les r\u00e8gles des traditionnels jeux de Batailles, Mistigri ou encore le Kem's ! ","description":"Pour jouer, vous avez besoin du jeu de 54 cartes Batailles Junior.\r\n\u00c0 partir de 6 ans \/ 2 \u00e0 6 joueurs","file":{"ID":21775,"id":21775,"title":"R\u00e8gles de jeux Batailles Junior","filename":"729730_notice_BATAILLES.pdf","url":"https:\/\/cartamundi.fr\/app\/uploads\/2018\/06\/729730_notice_BATAILLES.pdf","alt":"","author":"14","description":"Diff\u00e9rentes r\u00e8gles de jeu autour de la Bataille","caption":"","name":"729730_notice_batailles","date":"2018-06-19 14:16:14","modified":"2018-07-11 14:22:21","mime_type":"application\/pdf","type":"application","icon":"https:\/\/cartamundi.fr\/wp\/wp-includes\/images\/media\/document.png"}}]}]},{"name":"Jeux \u00e0 t\u00e9l\u00e9charger","description":"Des jeux \u00e0 t\u00e9l\u00e9charger et imprimer gratuitement pour jouer \u00e0 la maison !<br \/>\r\n","group_of_files":[{"name":"Les jeux \u00e9ducatifs Cartatoto","files":[{"name":"Notre cahier d'activit\u00e9s Cartatoto","description":"D\u00e9couvrez des jeux simples : mots crois\u00e9s, dessins, \u00e9nigmes ou encore coloriages, du niveau maternelle \u00e0 la primaire ! Les enfants pourront apprendre ou r\u00e9viser en s'amusant les chiffres, l'alphabet, les additions, les multiplications, l'anglais, les conjugaisons et le dessin.","file":{"ID":82962,"id":82962,"title":"Les petits jeux Cartatoto !","filename":"Cartatoto-Les-activit\u00e9s.pdf","url":"https:\/\/cartamundi.fr\/app\/uploads\/2020\/04\/Cartatoto-Les-activit\u00e9s.pdf","alt":"","author":"14","description":"T\u00e9l\u00e9chargez les activit\u00e9s Cartatoto pour les enfants et tout petits ! Au programme, mots crois\u00e9s, dessins, coloriages et \u00e9nigmes sur les chiffres, l'alphabet, les additions, les multiplications, les conjugaisons, l'anglais et le dessin.","caption":"","name":"cartatoto-les-activites","date":"2020-04-21 08:39:45","modified":"2020-04-21 08:43:46","mime_type":"application\/pdf","type":"application","icon":"https:\/\/cartamundi.fr\/wp\/wp-includes\/images\/media\/document.png"}},{"name":"Le corrig\u00e9 des activit\u00e9s Cartatoto","description":"Si besoin, voici les r\u00e9ponses aux petits jeux Cartatoto !","file":{"ID":82329,"id":82329,"title":"Les r\u00e9ponses des petits jeux Cartatoto","filename":"Cartatoto-Activit\u00e9s-R\u00e9ponses.pdf","url":"https:\/\/cartamundi.fr\/app\/uploads\/2020\/04\/Cartatoto-Activit\u00e9s-R\u00e9ponses.pdf","alt":"","author":"14","description":"","caption":"","name":"cartatoto-activites-reponses","date":"2020-04-14 11:37:01","modified":"2020-04-14 11:37:38","mime_type":"application\/pdf","type":"application","icon":"https:\/\/cartamundi.fr\/wp\/wp-includes\/images\/media\/document.png"}}]},{"name":"Les jeux de soci\u00e9t\u00e9 Color Addict","files":[{"name":"Color Addict, le grand classique","description":"Imprimez en noir et blanc notre super jeu Color Addict et mettez votre cr\u00e9ativit\u00e9 au boulot : coloriez les cartes de toutes les couleurs et d\u00e9coupez-les pour jouer. La r\u00e8gle est simple : d\u00e9barrassez-vous de vos cartes le plus vite possible en superposant les mots, les couleurs... ou les deux !\r\nImprimez le jeu sans recto-verso, coloriez selon les indications donn\u00e9es puis d\u00e9coupez. Il ne vous reste plus qu'\u00e0 jouer ! Les r\u00e8gles sont fournies dans le fichier. D\u00e8s 6 ans, de 2 \u00e0 4 joueurs id\u00e9alement.","file":{"ID":82292,"id":82292,"title":"Jeu Color Addict \u00e0 imprimer","filename":"Jeu-Color-Addict_PrintPlay.pdf","url":"https:\/\/cartamundi.fr\/app\/uploads\/2020\/04\/Jeu-Color-Addict_PrintPlay.pdf","alt":"","author":"14","description":"Imprimez gratuitement le jeu Color Addict : coloriez et d\u00e9coupez les cartes, puis jouez !","caption":"","name":"jeu-color-addict_printplay","date":"2020-04-14 09:10:45","modified":"2020-04-14 09:11:20","mime_type":"application\/pdf","type":"application","icon":"https:\/\/cartamundi.fr\/wp\/wp-includes\/images\/media\/document.png"}},{"name":"Et pour les plus petits, Color Addict Kids !","description":"Vous trouverez \u00e9galement une version \"Color Addict Kids\" pour les plus petits qui ne savent pas encore lire, o\u00f9 les mots sont remplac\u00e9s par des formes. Il n'y a pas d'\u00e2ge pour \u00eatre Addict !\r\nImprimez le jeu sans recto-verso, coloriez selon les indications donn\u00e9es puis d\u00e9coupez. Il ne vous reste plus qu'\u00e0 jouer ! Les r\u00e8gles sont fournies dans le fichier. D\u00e8s 4 ans, de 2 \u00e0 4 joueurs id\u00e9alement.","file":{"ID":82293,"id":82293,"title":"Jeu Color Addict Kids \u00e0 imprimer","filename":"Jeu-Color-Addict-Kids_PrintPlay.pdf","url":"https:\/\/cartamundi.fr\/app\/uploads\/2020\/04\/Jeu-Color-Addict-Kids_PrintPlay.pdf","alt":"","author":"14","description":"Imprimez gratuitement le jeu Color Addict Kids : coloriez et d\u00e9coupez les cartes, puis jouez !","caption":"","name":"jeu-color-addict-kids_printplay","date":"2020-04-14 09:11:29","modified":"2020-04-14 09:11:45","mime_type":"application\/pdf","type":"application","icon":"https:\/\/cartamundi.fr\/wp\/wp-includes\/images\/media\/document.png"}}]}]}],"call_to_action":{"cta_text":"D\u00e9couvrez de nombreux jeux et r\u00e8gles de jeux Ducale","cta_button_text":"jeux-ducale.fr","cta_link":"https:\/\/jeux-ducale.fr\/"}},"_links":{"self":[{"href":"https:\/\/cartamundi.fr\/fr\/wp-json\/wp\/v2\/pages\/11456"}],"collection":[{"href":"https:\/\/cartamundi.fr\/fr\/wp-json\/wp\/v2\/pages"}],"about":[{"href":"https:\/\/cartamundi.fr\/fr\/wp-json\/wp\/v2\/types\/page"}],"author":[{"embeddable":true,"href":"https:\/\/cartamundi.fr\/fr\/wp-json\/wp\/v2\/users\/14"}],"replies":[{"embeddable":true,"href":"https:\/\/cartamundi.fr\/fr\/wp-json\/wp\/v2\/comments?post=11456"}],"version-history":[{"count":25,"href":"https:\/\/cartamundi.fr\/fr\/wp-json\/wp\/v2\/pages\/11456\/revisions"}],"predecessor-version":[{"id":116199,"href":"https:\/\/cartamundi.fr\/fr\/wp-json\/wp\/v2\/pages\/11456\/revisions\/116199"}],"wp:attachment":[{"href":"https:\/\/cartamundi.fr\/fr\/wp-json\/wp\/v2\/media?parent=11456"}],"curies":[{"name":"wp","href":"https:\/\/api.w.org\/{rel}","templated":true}]}}