{"id":14901,"date":"2018-04-06T14:00:18","date_gmt":"2018-04-06T13:00:18","guid":{"rendered":"https:\/\/cartamundi.fr\/?page_id=14901"},"modified":"2018-04-06T14:00:18","modified_gmt":"2018-04-06T13:00:18","slug":"privacy-cookies","status":"publish","type":"page","link":"https:\/\/cartamundi.fr\/fr\/privacy-cookies\/","title":{"rendered":"Privacy &#038; Cookies"},"content":{"rendered":"<h1><strong>Privacy<\/strong><\/h1>\n<h2>DONN\u00c9ES PERSONNELLES<\/h2>\n<p>Cette d\u00e9claration de confidentialit\u00e9 se r\u00e9f\u00e8re \u00e0 Cartamundi Services NV, enregistr\u00e9e sous le num\u00e9ro d\u2019entreprise 0877.568.403., et \u00e0 Cartamundi Turnhout NV, enregistr\u00e9e sous le num\u00e9ro d\u2019entreprise 0877.566.324 (ci-apr\u00e8s et conjointement, \u00ab\u00a0<strong>Cartamundi<\/strong>\u00a0\u00bb). Cartamundi peut utiliser les donn\u00e9es personnelles ou commerciales que vous fournissez \u00e0 des fins diverses.<br \/>\nVeuillez lire notre <a href=\"https:\/\/cartamundi.com\/app\/uploads\/2018\/03\/Cartamundi-Privacy-policy-FR.pdf\" target=\"_blank\" rel=\"noopener\">politique en mati\u00e8re de confidentitialit\u00e9<\/a> pour en savoir plus sur l\u2019utilisation du votre donn\u00e9es.<\/p>\n<h2>Cookies<\/h2>\n<p>Cartamundi utilise des cookies pour simplifier votre exp\u00e9rience de navigation sur le site Internet de Cartamundi et rendre celle-ci plus agr\u00e9able. Les cookies nous permettent \u00e9galement d\u2019adapter le contenu de notre site Internet pour mieux r\u00e9pondre \u00e0 vos besoins et pr\u00e9f\u00e9rences.<\/p>\n<p>Il est possible de configurer votre navigateur pour refuser l\u2019installation de cookies, mais cette configuration peut avoir une incidence n\u00e9gative sur les performances de certaines parties du site Internet de Cartamundi. En poursuivant votre visite sur le site Internet de Cartamundi sans modifier les param\u00e8tres des cookies et en cliquant sur \u00ab\u00a0OK\u00a0\u00bb, nous supposons que vous acceptez l\u2019installation de nos cookies.<\/p>\n<p>Veuillez lire notre <a href=\"https:\/\/cartamundi.com\/app\/uploads\/2018\/03\/Cartamundi-Cookie-policy-FR.pdf\" target=\"_blank\" rel=\"noopener\">politique en mati\u00e8re de cookies<\/a> pour en savoir plus sur l\u2019utilisation des cookies.<\/p>\n<p><strong>Vos droits<\/strong><\/p>\n<p>si vous avez une plainte concernant le traitement de vos donn\u00e9es personnelles par nos soins, vous pouvez toujours prendre contact par le biais <a href=\"https:\/\/cartamundi.com\/fr\/contact\/\">du formulaire de contact.<\/a> Si notre r\u00e9ponse est toujours insatisfaisante, vous \u00eates libre d\u2019introduire une plainte aupr\u00e8s des autorit\u00e9s comp\u00e9tentes en mati\u00e8re de protection des donn\u00e9es, le Comit\u00e9 belgde de la vie priv\u00e9e. Pour obtenir <a href=\"https:\/\/www.privacycommission.be\/\" target=\"_blank\" rel=\"noopener\">plus d\u2019informations<\/a>.<\/p>\n<p>Cartamundi accorde beaucoup d\u2019importance \u00e0 la protection de votre vie priv\u00e9e et de vos donn\u00e9es personnelles.<\/p>\n","protected":false},"excerpt":{"rendered":"<p>Privacy DONN\u00c9ES PERSONNELLES Cette d\u00e9claration de confidentialit\u00e9 se r\u00e9f\u00e8re \u00e0 Cartamundi Services NV, enregistr\u00e9e sous le num\u00e9ro d\u2019entreprise 0877.568.403., et \u00e0 Cartamundi Turnhout NV, enregistr\u00e9e sous le num\u00e9ro d\u2019entreprise 0877.566.324 (ci-apr\u00e8s et conjointement, \u00ab\u00a0Cartamundi\u00a0\u00bb). Cartamundi peut utiliser les donn\u00e9es personnelles ou commerciales que vous fournissez \u00e0 des fins diverses. Veuillez lire notre politique en mati\u00e8re &hellip; <a href=\"https:\/\/cartamundi.fr\/fr\/privacy-cookies\/\">Continued<\/a><\/p>\n","protected":false},"author":12,"featured_media":0,"parent":0,"menu_order":8,"comment_status":"closed","ping_status":"closed","template":"","meta":[],"pure_taxonomies":[],"acf":[],"_links":{"self":[{"href":"https:\/\/cartamundi.fr\/fr\/wp-json\/wp\/v2\/pages\/14901"}],"collection":[{"href":"https:\/\/cartamundi.fr\/fr\/wp-json\/wp\/v2\/pages"}],"about":[{"href":"https:\/\/cartamundi.fr\/fr\/wp-json\/wp\/v2\/types\/page"}],"author":[{"embeddable":true,"href":"https:\/\/cartamundi.fr\/fr\/wp-json\/wp\/v2\/users\/12"}],"replies":[{"embeddable":true,"href":"https:\/\/cartamundi.fr\/fr\/wp-json\/wp\/v2\/comments?post=14901"}],"version-history":[{"count":1,"href":"https:\/\/cartamundi.fr\/fr\/wp-json\/wp\/v2\/pages\/14901\/revisions"}],"predecessor-version":[{"id":14902,"href":"https:\/\/cartamundi.fr\/fr\/wp-json\/wp\/v2\/pages\/14901\/revisions\/14902"}],"wp:attachment":[{"href":"https:\/\/cartamundi.fr\/fr\/wp-json\/wp\/v2\/media?parent=14901"}],"curies":[{"name":"wp","href":"https:\/\/api.w.org\/{rel}","templated":true}]}}