{"id":21204,"date":"2018-06-13T13:55:28","date_gmt":"2018-06-13T12:55:28","guid":{"rendered":"https:\/\/cartamundi.fr\/?page_id=21204"},"modified":"2021-01-11T09:51:15","modified_gmt":"2021-01-11T08:51:15","slug":"contact-et-devis-merci-2","status":"publish","type":"page","link":"https:\/\/cartamundi.fr\/fr\/contact-et-devis-merci-2\/","title":{"rendered":"Merci de nous avoir contact\u00e9 !"},"content":{"rendered":"<p><strong>Merci !<\/strong><br \/>\nVotre demande de contact a bien \u00e9t\u00e9 re\u00e7ue et nous reviendrons vers vous d\u00e8s que possible.<br \/>\nN&#8217;h\u00e9sitez pas \u00e0 faire un tour sur notre site pour y d\u00e9couvrir nos <a href=\"https:\/\/cartamundi.fr\/fr\/press\/communiques-de-presse\/\" target=\"_blank\" rel=\"noopener\">communiqu\u00e9s de presse<\/a>\u00a0ainsi que nos <a href=\"https:\/\/cartamundi.fr\/fr\/our-brands\/\" target=\"_blank\" rel=\"noopener\">jeux<\/a> !<\/p>\n<p>\u00c0 bient\u00f4t.<\/p>\n<p><img loading=\"lazy\" class=\"aligncenter wp-image-7788 size-full\" src=\"https:\/\/cartamundi.fr\/app\/uploads\/2017\/09\/signature-1.jpg\" alt=\"La Dame et le Valet de C\u0153ur sur fond rouge, et le slogan au centre : Au c\u0153ur du jeu.\" width=\"1440\" height=\"292\" srcset=\"https:\/\/cartamundi.fr\/app\/uploads\/2017\/09\/signature-1.jpg 1440w, https:\/\/cartamundi.fr\/app\/uploads\/2017\/09\/signature-1-1024x208.jpg 1024w, https:\/\/cartamundi.fr\/app\/uploads\/2017\/09\/signature-1-768x156.jpg 768w, https:\/\/cartamundi.fr\/app\/uploads\/2017\/09\/signature-1-1200x243.jpg 1200w, https:\/\/cartamundi.fr\/app\/uploads\/2017\/09\/signature-1-341x69.jpg 341w, https:\/\/cartamundi.fr\/app\/uploads\/2017\/09\/signature-1-400x81.jpg 400w, https:\/\/cartamundi.fr\/app\/uploads\/2017\/09\/signature-1-480x97.jpg 480w, https:\/\/cartamundi.fr\/app\/uploads\/2017\/09\/signature-1-640x130.jpg 640w, https:\/\/cartamundi.fr\/app\/uploads\/2017\/09\/signature-1-682x138.jpg 682w, https:\/\/cartamundi.fr\/app\/uploads\/2017\/09\/signature-1-800x162.jpg 800w, https:\/\/cartamundi.fr\/app\/uploads\/2017\/09\/signature-1-960x195.jpg 960w, https:\/\/cartamundi.fr\/app\/uploads\/2017\/09\/signature-1-1280x260.jpg 1280w, https:\/\/cartamundi.fr\/app\/uploads\/2017\/09\/signature-1-460x93.jpg 460w, https:\/\/cartamundi.fr\/app\/uploads\/2017\/09\/signature-1-540x110.jpg 540w, https:\/\/cartamundi.fr\/app\/uploads\/2017\/09\/signature-1-648x131.jpg 648w, https:\/\/cartamundi.fr\/app\/uploads\/2017\/09\/signature-1-864x175.jpg 864w, https:\/\/cartamundi.fr\/app\/uploads\/2017\/09\/signature-1-921x187.jpg 921w, https:\/\/cartamundi.fr\/app\/uploads\/2017\/09\/signature-1-1080x219.jpg 1080w, https:\/\/cartamundi.fr\/app\/uploads\/2017\/09\/signature-1-1296x263.jpg 1296w, https:\/\/cartamundi.fr\/app\/uploads\/2017\/09\/signature-1-512x104.jpg 512w, https:\/\/cartamundi.fr\/app\/uploads\/2017\/09\/signature-1-600x122.jpg 600w, https:\/\/cartamundi.fr\/app\/uploads\/2017\/09\/signature-1-720x146.jpg 720w, https:\/\/cartamundi.fr\/app\/uploads\/2017\/09\/signature-1-563x114.jpg 563w, https:\/\/cartamundi.fr\/app\/uploads\/2017\/09\/signature-1-660x134.jpg 660w, https:\/\/cartamundi.fr\/app\/uploads\/2017\/09\/signature-1-792x161.jpg 792w, https:\/\/cartamundi.fr\/app\/uploads\/2017\/09\/signature-1-1056x214.jpg 1056w, https:\/\/cartamundi.fr\/app\/uploads\/2017\/09\/signature-1-1126x228.jpg 1126w, https:\/\/cartamundi.fr\/app\/uploads\/2017\/09\/signature-1-1320x268.jpg 1320w, https:\/\/cartamundi.fr\/app\/uploads\/2017\/09\/signature-1-250x51.jpg 250w, https:\/\/cartamundi.fr\/app\/uploads\/2017\/09\/signature-1-500x101.jpg 500w\" sizes=\"(max-width: 1440px) 100vw, 1440px\" \/><\/p>\n","protected":false},"excerpt":{"rendered":"<p>Merci ! Votre demande de contact a bien \u00e9t\u00e9 re\u00e7ue et nous reviendrons vers vous d\u00e8s que possible. N&#8217;h\u00e9sitez pas \u00e0 faire un tour sur notre site pour y d\u00e9couvrir nos communiqu\u00e9s de presse\u00a0ainsi que nos jeux ! \u00c0 bient\u00f4t.<\/p>\n","protected":false},"author":14,"featured_media":8088,"parent":0,"menu_order":11,"comment_status":"closed","ping_status":"closed","template":"","meta":[],"pure_taxonomies":[],"acf":[],"_links":{"self":[{"href":"https:\/\/cartamundi.fr\/fr\/wp-json\/wp\/v2\/pages\/21204"}],"collection":[{"href":"https:\/\/cartamundi.fr\/fr\/wp-json\/wp\/v2\/pages"}],"about":[{"href":"https:\/\/cartamundi.fr\/fr\/wp-json\/wp\/v2\/types\/page"}],"author":[{"embeddable":true,"href":"https:\/\/cartamundi.fr\/fr\/wp-json\/wp\/v2\/users\/14"}],"replies":[{"embeddable":true,"href":"https:\/\/cartamundi.fr\/fr\/wp-json\/wp\/v2\/comments?post=21204"}],"version-history":[{"count":1,"href":"https:\/\/cartamundi.fr\/fr\/wp-json\/wp\/v2\/pages\/21204\/revisions"}],"predecessor-version":[{"id":21206,"href":"https:\/\/cartamundi.fr\/fr\/wp-json\/wp\/v2\/pages\/21204\/revisions\/21206"}],"wp:featuredmedia":[{"embeddable":true,"href":"https:\/\/cartamundi.fr\/fr\/wp-json\/wp\/v2\/media\/8088"}],"wp:attachment":[{"href":"https:\/\/cartamundi.fr\/fr\/wp-json\/wp\/v2\/media?parent=21204"}],"curies":[{"name":"wp","href":"https:\/\/api.w.org\/{rel}","templated":true}]}}