{"id":23684,"date":"2018-07-10T14:29:31","date_gmt":"2018-07-10T13:29:31","guid":{"rendered":"https:\/\/cartamundi.fr\/reglement-jeu-concours-facebook-bleus-2\/"},"modified":"2018-07-10T15:56:06","modified_gmt":"2018-07-10T14:56:06","slug":"reglement-jeu-concours-facebook-ete-gaulois","status":"publish","type":"page","link":"https:\/\/cartamundi.fr\/fr\/reglement-jeu-concours-facebook-ete-gaulois\/","title":{"rendered":"R\u00e8glement jeu-concours Facebook : Un \u00e9t\u00e9 Gaulois"},"content":{"rendered":"<p>&nbsp;<\/p>\n<p>Jeu-concours :<br \/>\nDu 2 au 13 juillet 2018 sur la <a href=\"https:\/\/www.facebook.com\/Uneviea5\/\">page Facebook Une Vie \u00e0 5<\/a><br \/>\nDu 16 au 27 juillet 2018 sur la <a href=\"https:\/\/www.facebook.com\/LeblogdeMamanPlume\/\">page Facebook de Le Blog de Maman Plume<\/a><br \/>\nDu 30 juillet au 19 ao\u00fbt 2018 sur la <a href=\"https:\/\/www.facebook.com\/francecartes\/\" target=\"_blank\" rel=\"noopener\">page Facebook France Cartes<\/a><\/p>\n<p>\u00c0 gagner par tirage au sort : 50 entr\u00e9es et un s\u00e9jour de 2 jours pour 4 personnes\u00a0au Parc Ast\u00e9rix, ainsi que 15 jeux de soci\u00e9t\u00e9.<\/p>\n<p><a href=\"https:\/\/cartamundi.fr\/app\/uploads\/2018\/07\/Concours_FranceCartes-Aste\u0301rix.jpg\"><img loading=\"lazy\" class=\"wp-image-23687 aligncenter\" src=\"https:\/\/cartamundi.fr\/app\/uploads\/2018\/07\/Concours_FranceCartes-Aste\u0301rix-1024x612.jpg\" alt=\"Un \u00e9t\u00e9 Gaulois sur la page Facebook France Cartes\" width=\"590\" height=\"357\" \/><\/a><\/p>\n<p><strong>R\u00e8glement complet :<\/strong><\/p>\n<p class=\"p2\"><strong>ARTICLE 1 &#8211; QUI ORGANISE ?<br \/>\n<\/strong>La soci\u00e9t\u00e9 CARTAMUNDI France SARL &#8211; SIRET 384 660 189 00042, dont le si\u00e8ge social est situ\u00e9 au 60 route de Sartrouville &#8211; BAT. 4, Parc des Grillons, 78230 LE PECQ (ci-apr\u00e8s d\u00e9nomm\u00e9e la \u00ab Soci\u00e9t\u00e9 organisatrice \u00bb), organise du 21\/05\/2018 au 10\/06\/2018 (jusqu\u2019\u00e0 23h59 inclus) un jeu gratuit et sans obligation d\u2019achat dans le cadre d\u2019une op\u00e9ration marketing sur internet (ci-apr\u00e8s d\u00e9nomm\u00e9 le \u00ab JEUCONCOURS \u00bb).<\/p>\n<p class=\"p2\"><strong>ARTICLE 2 &#8211; ANNONCE DU JEU-CONCOURS<br \/>\n<\/strong>Ce JEU-CONCOURS est annonc\u00e9 sur la page officielle Facebook nomm\u00e9e \u00ab France Cartes \u00bb :\u00a0<span class=\"s1\">accessible \u00e0 l\u2019adresse : <\/span>https:\/\/www.facebook.com\/francecartes\/ Le JEU-CONCOURS et sa promotion ne sont ni g\u00e9r\u00e9s ni parrain\u00e9s par Facebook. La Soci\u00e9t\u00e9 Organisatrice d\u00e9charge donc cette plateforme de toute responsabilit\u00e9 concernant tous les \u00e9l\u00e9ments en lien avec le JEUCONCOURS, son organisation et sa promotion. Ce jeu Concours peut \u00eatre arr\u00eat\u00e9 \u00e0 tout moment.<\/p>\n<p class=\"p2\"><strong>ARTICLE 3 &#8211; QUI PEUT JOUER ?<br \/>\n<\/strong>Ce JEU-CONCOURS est ouvert \u00e0 toute personne physique r\u00e9sidant en France m\u00e9tropolitaine et disposant d\u2019un compte Facebook. Pour participer ou b\u00e9n\u00e9ficier de leur lot, les mineurs et les majeurs prot\u00e9g\u00e9s devront \u00eatre munis d\u2019une autorisation \u00e9crite d\u2019un parent d\u00e9tenteur de l\u2019autorit\u00e9 parentale ou, curateur ou tuteur l\u00e9gal le cas \u00e9ch\u00e9ant, qui sera communiqu\u00e9e \u00e0 la Soci\u00e9t\u00e9 organisatrice, \u00e0 premi\u00e8re demande. \u00c0 d\u00e9faut, la Soci\u00e9t\u00e9 organisatrice pourra disqualifier le participant concern\u00e9.<\/p>\n<p class=\"p1\">Sont exclus de toute participation au JEU-CONCOURS et du b\u00e9n\u00e9fice de toute gratification, que ce soit directement ou indirectement et sous quelque forme que ce soit :<br \/>\n\u2022 Les membres de la Soci\u00e9t\u00e9 organisatrice, leurs soci\u00e9t\u00e9s soeurs, leurs salari\u00e9s, leurs prestataires (et ce compris notamment les agences ayant particip\u00e9 \u00e0 l\u2019\u00e9laboration ou au suivi du JEU-CONCOURS) y compris leurs familles et conjoints (mariage, P.A.C.S. ou vie maritale reconnue ou non) ;<br \/>\n\u2022 Les personnes qui auront fraud\u00e9 pour participer au JEU-CONCOURS en violation du r\u00e8glement ;<br \/>\n\u2022 Plus g\u00e9n\u00e9ralement, toute personne impliqu\u00e9e dans l\u2019organisation, la r\u00e9alisation, la mise en oeuvre, la promotion et l\u2019animation du jeu ainsi que les membres de leur famille, pouvant \u00eatre eux-m\u00eames, clients.<\/p>\n<p class=\"p1\">La soci\u00e9t\u00e9 organisatrice demandera \u00e0 tout participant de justifier de ces conditions. Toute personne ne remplissant pas ces conditions ou refusant de les justifier sera exclue du jeu et ne pourra, en cas de gain, b\u00e9n\u00e9ficier du lot.<\/p>\n<p class=\"p1\">Toute inscription incompl\u00e8te ou d\u00e9pos\u00e9e avant ou apr\u00e8s la date et l\u2019heure limite de participation, ou ne remplissant pas les conditions du pr\u00e9sent r\u00e8glement, sera consid\u00e9r\u00e9e comme nulle.<\/p>\n<p class=\"p2\"><strong>ARTICLE 4 &#8211; COMMENT PARTICIPER AU JEU-CONCOURS ?<br \/>\n<\/strong>Pour participer, il suffit de :<br \/>\n\u2022 Se connecter au site communautaire Facebook, sur la <a href=\"https:\/\/www.facebook.com\/francecartes\/\" target=\"_blank\" rel=\"noopener\">page Facebook France Cartes<\/a> \u00e0 partir du 30\/07\/2018 et jusqu\u2019au 19\/08\/2018 23h59<br \/>\n\u2022 Prendre connaissance de l\u2019intitul\u00e9 relatif au JEU-CONCOURS post\u00e9 sur la page France Cartes<br \/>\n\u2022 Commenter la publication du JEU-CONCOURS sur la page officielle Facebook France Cartes<br \/>\n\u2022 Se connecter au site communautaire Facebook, sur la <a href=\"https:\/\/www.facebook.com\/Uneviea5\/\" target=\"_blank\" rel=\"noopener\">page Facebook Une Vie \u00e0 5<\/a><span class=\"s1\">\u00a0<\/span>\u00e0 partir du 02\/07\/2018 et jusqu\u2019au 13\/08\/2018 23h59<br \/>\n\u2022 Prendre connaissance de l\u2019intitul\u00e9 relatif au JEU-CONCOURS post\u00e9 sur la page Une Vie \u00e0 5<br \/>\n\u2022 Commenter la publication du JEU-CONCOURS sur la page officielle Facebook Une Vie \u00e0 5<br \/>\n\u2022 Se connecter au site communautaire Facebook, sur la <a href=\"https:\/\/www.facebook.com\/LeblogdeMamanPlume\/\" target=\"_blank\" rel=\"noopener\">page Facebook Le Blog de Maman Plume<\/a> <span class=\"s2\">\u00e0 partir du 16\/07\/2018 et jusqu\u2019au\u00a0<\/span>27\/08\/2018 23h59<br \/>\n\u2022 Prendre connaissance de l\u2019intitul\u00e9 relatif au JEU-CONCOURS post\u00e9 sur la page Le Blog de Maman Plume<br \/>\n\u2022 Commenter la publication du JEU-CONCOURS sur la page officielle Facebook Le Blog de Maman Plume<\/p>\n<p class=\"p2\"><strong>ARTICLE 5 &#8211; COMMENT GAGNER ?<br \/>\n<\/strong>Cinq gagnants seront s\u00e9lectionn\u00e9s par tirage au sort sur la page Facebook Une Vie \u00e0 5 parmi les bonnes r\u00e9ponses des participants ayant comment\u00e9 la publication du JEU-CONCOURS \u00e0 \u00e9ch\u00e9ance du concours.<\/p>\n<p class=\"p2\">Cinq gagnants seront s\u00e9lectionn\u00e9s par tirage au sort sur la page Facebook Le Blog de Maman Plume parmi les bonnes r\u00e9ponses des participants ayant comment\u00e9 la publication du JEU-CONCOURS \u00e0, \u00e9ch\u00e9ance du concours.<\/p>\n<p class=\"p1\">Cinq gagnants seront s\u00e9lectionn\u00e9s par tirage au sort parmi les participants ayant comment\u00e9 la publication du JEU-CONCOURS \u00e0 \u00e9ch\u00e9ance du concours.<\/p>\n<p class=\"p1\">Les gagnants seront avertis de leur gain dans une publication sur les pages Facebook Une Vie \u00e0 5, Le Blog de Maman Plume et France Cartes les mentionnant ainsi que par messagerie priv\u00e9e. Ils seront invit\u00e9s \u00e0 communiquer leurs coordonn\u00e9es (nom, pr\u00e9nom et adresse postale) via la messagerie instantan\u00e9e de la page Facebook France Cartes ou par mail \u00e0 info.france@cartamundi.com<\/p>\n<p class=\"p1\">En l\u2019absence de r\u00e9ponse du gagnant dans un d\u00e9lai de dix jours (10), ou en cas d\u2019information erron\u00e9e (notamment adresse inexacte pour l\u2019envoi du lot, \u00e2ge non conforme au r\u00e8glement), l\u2019attribution du lot sera invalid\u00e9e.<\/p>\n<p class=\"p1\">Chaque participant (m\u00eame nom, m\u00eame pr\u00e9nom) ne peut concourir qu\u2019une seule fois par JEU-CONCOURS pendant toute la dur\u00e9e de l\u2019op\u00e9ration (1 seule adresse postale et 1 seule adresse<\/p>\n<p class=\"p1\">\u00e9lectronique autoris\u00e9es).<\/p>\n<p class=\"p1\">Toute participation incompl\u00e8te, comportant de fausses indications ou ne r\u00e9pondant pas aux crit\u00e8res d\u00e9finis dans le pr\u00e9sent r\u00e8glement ne sera pas valid\u00e9e.<\/p>\n<p class=\"p1\">Une seule publication sera autoris\u00e9e par participant. Si un participant r\u00e9dige plusieurs commentaires, il sera disqualifi\u00e9.<\/p>\n<p class=\"p2\"><strong>ARTICLE 6 &#8211; QUE PUIS-JE GAGNER ?<br \/>\n<\/strong>50 entr\u00e9es au Parc Ast\u00e9rix* et 1 s\u00e9jour pour 4 personnes au Parc Ast\u00e9rix** (3 020,91 euros) et 15 jeux de soci\u00e9t\u00e9 France Cartes (200 euros).<\/p>\n<p class=\"p1\">*50 entr\u00e9es adulte, chacune valable pour 1 personne et 1 journ\u00e9e jusqu\u2019au 4 novembre 2018 inclus, hors jours de fermeture du Parc Ast\u00e9rix, nocturnes et \u00e9v\u00e9nements sp\u00e9ciaux. Les entr\u00e9es ne sont pas cumulables avec une autre promotion en cours. Le parking n\u2019est pas inclus. Toute entr\u00e9e non utilis\u00e9e au terme de sa validit\u00e9 (4 novembre 2018) sera d\u00e9finitivement perdu et ne pourra \u00eatre report\u00e9.<\/p>\n<p class=\"p1\">**1 s\u00e9jour pour 4 personnes compos\u00e9 de : 4 entr\u00e9es adulte pour 2 jours au Parc Ast\u00e9rix, une nuit \u00e0 l\u2019H\u00f4tel Les Trois Hiboux, La Cit\u00e9 Suspendue ou dans un des h\u00f4tels partenaires du Parc Ast\u00e9rix, selon calendrier d\u2019ouverture du Parc et selon disponibilit\u00e9 des h\u00f4tels. Les 4 petites-d\u00e9jeuners, les 4 d\u00eeners, les frais de dossiers et frais de parking de l\u2019h\u00f4tel sont inclus. Non inclus : assurance annulation facultative, frais de d\u00e9placement, restauration du midi et parking du parc. Tout s\u00e9jour non utilis\u00e9 au terme de sa validit\u00e9 (4 novembre 2018) sera d\u00e9finitivement perdu et ne pourra \u00eatre report\u00e9.<\/p>\n<p class=\"p1\">Il est convenu que dans l\u2019hypoth\u00e8se o\u00f9 le gagnant serait un enfant, il pourra b\u00e9n\u00e9ficier de l\u2019entr\u00e9e ou du s\u00e9jour au Parc Ast\u00e9rix mais ne pourra en aucun cas pr\u00e9tendre \u00e0 un quelconque remboursement de la diff\u00e9rence de prix existant entre le tarif en vigueur pour un adulte et le tarif en vigueur pour un enfant. On entend \u00ab enfant \u00bb, toutes les personnes \u00e2g\u00e9es de 3 \u00e0 11 ans inclus, et par \u00ab adultes \u00bb, toutes les personnes \u00e0 partir de 12 ans.<\/p>\n<p class=\"p1\">Ces dotations permettent l\u2019acc\u00e8s au Site uniquement aux heures normales d\u2019ouverture du Site telles que figurant dans le calendrier d\u2019ouverture. Elles ne permettent pas l\u2019acc\u00e8s aux privatisations et \u00e9v\u00e9nements sp\u00e9ciaux lesquels sont exclus et font l\u2019objet d\u2019une tarification et d\u2019une billetterie sp\u00e9ciale.<\/p>\n<p class=\"p1\">Ces dotations ne pourront pas faire l\u2019objet d\u2019une commercialisation par les gagnants du Jeu.<\/p>\n<p class=\"p1\">La Soci\u00e9t\u00e9 organisatrice se r\u00e9serve le droit d\u2019op\u00e9rer toutes v\u00e9rifications, notamment d\u2019identit\u00e9 et\/ou d\u2019autorit\u00e9 parentale avant toute acceptation de participation ou attribution de prix. Toute fraude, inexactitude, absence de r\u00e9ponse ou r\u00e9ponse incompl\u00e8te entra\u00eene l\u2019exclusion du JEU-CONCOURS. Le gagnant ne pourra pr\u00e9tendre obtenir la contre-valeur en esp\u00e8ce du lot gagn\u00e9 ou demander son \u00e9change contre d\u2019autres biens ou services.<\/p>\n<p class=\"p1\">Si les circonstances l\u2019exigent, la Soci\u00e9t\u00e9 organisatrice se r\u00e9serve le droit de remplacer le lot par tout autre lot d\u2019une valeur \u00e9gale ; dans ce cas le gagnant ne pourra pr\u00e9tendre \u00e0 aucune contrepartie de quelque nature que ce soit autre que le lot nouvellement d\u00e9termin\u00e9.<\/p>\n<p class=\"p1\">Il ne sera attribu\u00e9 qu\u2019un seul lot par personne physique, sur toute la p\u00e9riode du JEU-CONCOURS.<\/p>\n<p class=\"p2\"><strong>ARTICLE 7 &#8211; REMISE DES GAINS<br \/>\n<\/strong>Le gagnant apr\u00e8s s\u2019\u00eatre manifest\u00e9 suite \u00e0 la publication sur la page Facebook France Cartes transmettra ses coordonn\u00e9es comme pr\u00e9vu \u00e0 l\u2019article 5.<\/p>\n<p class=\"p1\">Le gagnant, apr\u00e8s avoir renseign\u00e9 son adresse postale correcte se verra fournir son lot par courrier. La Soci\u00e9t\u00e9 Organisatrice fera ses meilleurs efforts afin de contacter le gagnant. N\u00e9anmoins si le gagnant demeurait injoignable, ce dernier sera consid\u00e9r\u00e9 comme ayant renonc\u00e9 \u00e0 son lot.<\/p>\n<p class=\"p1\">Le lot retourn\u00e9 pour toutes causes ne sera ni r\u00e9-attribu\u00e9 ni renvoy\u00e9 et restera la propri\u00e9t\u00e9 de la Soci\u00e9t\u00e9 organisatrice. Le gagnant perd alors le b\u00e9n\u00e9fice de son lot sans que la responsabilit\u00e9 de la Soci\u00e9t\u00e9 organisatrice ne puisse \u00eatre engag\u00e9e.<\/p>\n<p class=\"p2\"><strong>ARTICLE 8 &#8211; QUELLES INFORMATIONS ME CONCERNANT SONT RECUEILLIES ?<\/strong><br \/>\nCe JEU-CONCOURS n\u2019est en aucun cas sponsoris\u00e9, valid\u00e9 et administr\u00e9 par, ou en association avec Facebook. En cons\u00e9quence, les participants reconnaissent \u00eatre inform\u00e9s que les informations qu\u2019ils communiquent dans le cadre de ce JEU-CONCOURS sont destin\u00e9es \u00e0 la Soci\u00e9t\u00e9 Organisatrice et non \u00e0 Facebook.<br \/>\nLes informations fournies seront uniquement utilis\u00e9es aux fins de garantir le bon d\u00e9roulement du JEU-CONCOURS notamment, pour le contr\u00f4le des participations frauduleuses ou pour l\u2019attribution du lot. Ces informations ne seront pas conserv\u00e9es ensuite.<\/p>\n<p class=\"p2\">Conform\u00e9ment \u00e0 la loi Informatique et Libert\u00e9s n\u00b078-17 du 06 janvier 1978 modifi\u00e9e par la loi 2004-801 du 6 ao\u00fbt 2004, le participant est inform\u00e9 qu\u2019il dispose d\u2019un droit d\u2019acc\u00e8s, de rectification et de radiation des informations nominatives le concernant qu\u2019il peut exercer sur simple demande sur la page Facebook de France Cartes, par mail \u00e0 <a href=\"mailto:info.france@cartamundi.com\" target=\"_blank\" rel=\"noopener\">info.france@cartamundi.com<\/a> ou par courrier en pr\u00e9cisant les r\u00e9f\u00e9rences exactes du JEU-CONCOURS, directement aupr\u00e8s de :<\/p>\n<p class=\"p2\" style=\"text-align: center;\">FRANCE CARTES &#8211; CARTAMUNDI<br \/>\nSERVICE MARKETING<br \/>\n49 rue Alexandre 1<span class=\"s2\">er<br \/>\n<\/span>54130 SAINT-MAX<\/p>\n<p class=\"p2\">Les participants autorisent la Soci\u00e9t\u00e9 Organisatrice ou ses partenaires \u00e0 publier leurs noms et pr\u00e9noms s\u2019ils sont d\u00e9clar\u00e9s gagnants du Jeu au travers de la publication sur la page Facebook comme pr\u00e9cis\u00e9 dans l\u2019article 5.<\/p>\n<p class=\"p2\">Le participant est inform\u00e9 que Facebook n\u2019est ni organisateur ni parrain de l\u2019op\u00e9ration et que les donn\u00e9es personnelles collect\u00e9es sont destin\u00e9es \u00e0 la Soci\u00e9t\u00e9 Organisatrice et non \u00e0 Facebook. Par ailleurs, la Soci\u00e9t\u00e9 Organisatrice n\u2019est pas responsable du traitement des donn\u00e9es d\u00e9clar\u00e9es lors de l\u2019inscription au site \u00ab Facebook \u00bb et invite les participants \u00e0 consulter les conditions d\u2019utilisation du site \u00ab Facebook \u00bb pour plus d\u2019information.<\/p>\n<p class=\"p2\"><strong>ARTICLE 9 &#8211; COMMENT OBTENIR LE R\u00c8GLEMENT DU JEU-CONCOURS ?<\/strong><br \/>\nLe pr\u00e9sent r\u00e9glementent est mis \u00e0 disposition sur le site <a href=\"https:\/\/cartamundi.fr\/fr\/\" target=\"_blank\" rel=\"noopener\">cartamundi.fr<br \/>\n<\/a>La participation \u00e0 ce JEU-CONCOURS implique l\u2019acceptation enti\u00e8re et sans r\u00e9serve du pr\u00e9sent r\u00e8glement.<br \/>\nToute fraude, tentative de fraude ou non-respect du r\u00e8glement verra la participation annul\u00e9e et entra\u00eenera la disqualification imm\u00e9diate et automatique de son auteur, la Soci\u00e9t\u00e9 Organisatrice se r\u00e9servant le droit d\u2019engager \u00e0 son encontre des poursuites judiciaires.<br \/>\nToute participation qui ne serait pas strictement conforme au pr\u00e9sent r\u00e8glement ou \u00e0 l\u2019esprit du JEU-CONCOURS ne pourra donner droit \u00e0 aucun gain.<br \/>\nChaque participant d\u00e9clare avoir pris connaissance du r\u00e8glement complet et des principes du jeu et les accepter sans r\u00e9serve.<\/p>\n<p class=\"p2\"><strong>ARTICLE 10 &#8211; MODIFICATION, ANNULATION, SUSPENSION, DISQUALIFICATION<\/strong><br \/>\nParticiper au JEU-CONCOURS implique une attitude loyale, signifiant le respect absolu des r\u00e8gles et des droits des autres participants.<br \/>\nLa Soci\u00e9t\u00e9 organisatrice se r\u00e9serve la facult\u00e9 d\u2019annuler, d\u2019\u00e9courter, de proroger, de modifier ou de reporter le JEU-CONCOURS \u00e0 tout moment en cas de force majeure ou en cas de circonstances ind\u00e9pendantes de sa volont\u00e9. Ces modifications ou changements feront l\u2019objet d\u2019une information pr\u00e9alable par tous moyens appropri\u00e9s.<br \/>\nLa Soci\u00e9t\u00e9 organisatrice pourra suspendre et annuler les participations d\u2019un ou plusieurs participant(s), en cas de constatation d\u2019un comportement suspect qui peut \u00eatre, sans que cela soit exhaustif : la mise en place d\u2019un syst\u00e8me de r\u00e9ponses automatis\u00e9, la connexion de plusieurs personnes et de postes informatiques diff\u00e9rents \u00e0 partir du m\u00eame identifiant, une tentative de forcer les serveurs de la Soci\u00e9t\u00e9 organisatrice, une multiplication de comptes, l\u2019incitation au like, l\u2019utilisation de faux profils\u2026<br \/>\nLa Soci\u00e9t\u00e9 organisatrice pourra annuler tout ou partie du JEU-CONCOURS, s\u2019il appara\u00eet que des fraudes sont intervenues sous quelque forme que ce soit, notamment de mani\u00e8re informatique.<\/p>\n<p class=\"p2\"><strong>ARTICLE 11 &#8211; RESPONSABILIT\u00c9 DE LA SOCI\u00c9T\u00c9 ORGANISATRICE<\/strong><br \/>\nIl est express\u00e9ment rappel\u00e9 qu\u2019Internet n\u2019est pas un r\u00e9seau s\u00e9curis\u00e9. La Soci\u00e9t\u00e9 organisatrice ne saurait donc \u00eatre tenue pour responsable de la contamination par d\u2019\u00e9ventuels virus ou de l\u2019intrusion d\u2019un tiers dans le syst\u00e8me du terminal des participants au JEU-CONCOURS.<br \/>\nLa Soci\u00e9t\u00e9 organisatrice mettra tout en oeuvre pour permettre l\u2019acc\u00e8s au site du JEU-CONCOURS.<br \/>\nPour autant, elle ne saurait \u00eatre tenue pour responsable en cas de dysfonctionnement du r\u00e9seau Internet ind\u00e9pendant de sa volont\u00e9.<br \/>\nLa Soci\u00e9t\u00e9 organisatrice ne saurait \u00eatre tenue pour responsable dans le cas o\u00f9 un gagnant ne pouvait \u00eatre joint pour une raison ind\u00e9pendante de sa volont\u00e9.<br \/>\nLe gagnant s\u2019engage \u00e0 communiquer en bonne et due forme toutes les informations demand\u00e9es dans le mail de confirmation, en fournissant des informations exactes. \u00c0 tout moment, les participants sont responsables de l\u2019exactitude des informations qu\u2019ils ont communiqu\u00e9es. Par cons\u00e9quent, ils sont responsables de la modification de leurs coordonn\u00e9es et doivent, en cas de d\u00e9m\u00e9nagement, communiquer leurs nouvelles coordonn\u00e9es \u00e0 la Soci\u00e9t\u00e9 organisatrice.<br \/>\nLa Soci\u00e9t\u00e9 organisatrice ne saurait \u00eatre tenue responsable dans le cas d\u2019\u00e9ventuelles gr\u00e8ves, retards des services d\u2019exp\u00e9dition des lots ne permettant pas au gagnant de profiter pleinement de sa gratification.<br \/>\nLa Soci\u00e9t\u00e9 organisatrice n\u2019assume aucune responsabilit\u00e9 quant \u00e0 l\u2019\u00e9tat de livraison et\/ou en cas de vols des lots achemin\u00e9s par voie postale.<br \/>\nLa Soci\u00e9t\u00e9 organisatrice ne peut \u00eatre tenue pour responsable si, pour des raisons de force majeures, le pr\u00e9sent JEU-CONCOURS \u00e9tait partiellement ou totalement modifi\u00e9, report\u00e9 ou annul\u00e9. Aucune contre-valeur des lots mis en jeu ne sera offerte en compensation.<\/p>\n<p class=\"p2\"><strong>ARTICLE 12 &#8211; CONTESTATION ET R\u00c9CLAMATION<\/strong><br \/>\nEn cas de contestation ou de r\u00e9clamation relative \u00e0 l\u2019interpr\u00e9tation du pr\u00e9sent r\u00e8glement, pour quelque raison que ce soit, les demandes devront \u00eatre transmises \u00e0 la Soci\u00e9t\u00e9 organisatrice dans un d\u00e9lai de deux (2) mois maximum apr\u00e8s la cl\u00f4ture du JEU-CONCOURS.<br \/>\nTout diff\u00e9rend portant sur l\u2019application et\/ou l\u2019interpr\u00e9tation du pr\u00e9sent r\u00e8glement sera souverainement tranch\u00e9 par la Soci\u00e9t\u00e9 Organisatrice.<\/p>\n<p class=\"p2\">Il ne sera r\u00e9pondu \u00e0 aucune demande t\u00e9l\u00e9phonique concernant les modalit\u00e9s du JEU-CONCOURS, la d\u00e9signation des gagnants et l\u2019interpr\u00e9tation ou l\u2019application du pr\u00e9sent r\u00e8glement.<\/p>\n<p class=\"p2\">Toute r\u00e9clamation doit faire l\u2019objet d\u2019une demande \u00e9crite exclusivement adress\u00e9e par courrier postal \u00e0 :<\/p>\n<p class=\"p2\" style=\"text-align: center;\">FRANCE CARTES &#8211; CARTAMUNDI<br \/>\nSERVICE MARKETING<br \/>\n49 rue Alexandre 1er<br \/>\n54130 SAINT-MAX<\/p>\n<p class=\"p2\">ou par courrier \u00e9lectronique \u00e0 <a href=\"mailto:info.france@cartamundi.com\" target=\"_blank\" rel=\"noopener\">info.france@cartamundi.com<\/a>, et comporter obligatoirement les r\u00e9f\u00e9rences exactes du JEU-CONCOURS.<\/p>\n<p class=\"p2\"><strong>ARTICLE 13 &#8211; LOI APPLICABLE ET JURIDICTION COMPETENTE<\/strong><br \/>\nCe JEU-CONCOURS et le pr\u00e9sent r\u00e8glement sont soumis \u00e0 la loi fran\u00e7aise.<br \/>\nEn cas de d\u00e9saccord persistant et sous r\u00e9serve des dispositions l\u00e9gislatives ou r\u00e9glementaires en vigueur, le Tribunal de Grande Instance de Nanterre sera seul comp\u00e9tent.<\/p>\n","protected":false},"excerpt":{"rendered":"<p>&nbsp; Jeu-concours : Du 2 au 13 juillet 2018 sur la page Facebook Une Vie \u00e0 5 Du 16 au 27 juillet 2018 sur la page Facebook de Le Blog de Maman Plume Du 30 juillet au 19 ao\u00fbt 2018 sur la page Facebook France Cartes \u00c0 gagner par tirage au sort : 50 entr\u00e9es &hellip; <a href=\"https:\/\/cartamundi.fr\/fr\/reglement-jeu-concours-facebook-ete-gaulois\/\">Continued<\/a><\/p>\n","protected":false},"author":14,"featured_media":0,"parent":0,"menu_order":6,"comment_status":"closed","ping_status":"closed","template":"","meta":[],"pure_taxonomies":[],"acf":[],"_links":{"self":[{"href":"https:\/\/cartamundi.fr\/fr\/wp-json\/wp\/v2\/pages\/23684"}],"collection":[{"href":"https:\/\/cartamundi.fr\/fr\/wp-json\/wp\/v2\/pages"}],"about":[{"href":"https:\/\/cartamundi.fr\/fr\/wp-json\/wp\/v2\/types\/page"}],"author":[{"embeddable":true,"href":"https:\/\/cartamundi.fr\/fr\/wp-json\/wp\/v2\/users\/14"}],"replies":[{"embeddable":true,"href":"https:\/\/cartamundi.fr\/fr\/wp-json\/wp\/v2\/comments?post=23684"}],"version-history":[{"count":2,"href":"https:\/\/cartamundi.fr\/fr\/wp-json\/wp\/v2\/pages\/23684\/revisions"}],"predecessor-version":[{"id":23685,"href":"https:\/\/cartamundi.fr\/fr\/wp-json\/wp\/v2\/pages\/23684\/revisions\/23685"}],"wp:attachment":[{"href":"https:\/\/cartamundi.fr\/fr\/wp-json\/wp\/v2\/media?parent=23684"}],"curies":[{"name":"wp","href":"https:\/\/api.w.org\/{rel}","templated":true}]}}