{"id":8880,"date":"2018-01-25T09:26:49","date_gmt":"2018-01-25T08:26:49","guid":{"rendered":"https:\/\/cartamundi.fr.wemake.site\/?page_id=8880"},"modified":"2018-01-25T09:26:49","modified_gmt":"2018-01-25T08:26:49","slug":"sitemap","status":"publish","type":"page","link":"https:\/\/cartamundi.fr\/fr\/sitemap\/","title":{"rendered":"Sitemap"},"content":{"rendered":"<div class=\"wsp-container\"><h2 class=\"wsp-pages-title\">Pages<\/h2>\n<ul class=\"wsp-pages-list\">\n<li class=\"page_item page-item-155848\"><a href=\"https:\/\/cartamundi.fr\/fr\/speak-up\/\">Speak Up!<\/a><\/li>\n<li class=\"page_item page-item-102702\"><a href=\"https:\/\/cartamundi.fr\/fr\/color-addict-xl-hoptik-ducale\/\">Color Addict XL et HOPTiK &#8211; Ducale, le jeu Fran\u00e7ais<\/a><\/li>\n<li class=\"page_item page-item-81815\"><a href=\"https:\/\/cartamundi.fr\/fr\/jeux-a-imprimer\/\">Des jeux \u00e0 imprimer gratuitement pour jouer \u00e0 la maison !<\/a><\/li>\n<li class=\"page_item page-item-23684\"><a href=\"https:\/\/cartamundi.fr\/fr\/reglement-jeu-concours-facebook-ete-gaulois\/\">R\u00e8glement jeu-concours Facebook : Un \u00e9t\u00e9 Gaulois<\/a><\/li>\n<li class=\"page_item page-item-18537\"><a href=\"https:\/\/cartamundi.fr\/fr\/reglement-jeu-concours-facebook-bleus\/\">R\u00e8glement jeu-concours Facebook des Bleus<\/a><\/li>\n<li class=\"page_item page-item-14901\"><a href=\"https:\/\/cartamundi.fr\/fr\/privacy-cookies\/\">Privacy &#038; Cookies<\/a><\/li>\n<li class=\"page_item page-item-8880\"><a href=\"https:\/\/cartamundi.fr\/fr\/sitemap\/\">Sitemap<\/a><\/li>\n<li class=\"page_item page-item-8077\"><a href=\"https:\/\/cartamundi.fr\/fr\/candidature-merci\/\">Candidature enregistr\u00e9e !<\/a><\/li>\n<li class=\"page_item page-item-21204\"><a href=\"https:\/\/cartamundi.fr\/fr\/contact-et-devis-merci-2\/\">Merci de nous avoir contact\u00e9 !<\/a><\/li>\n<li class=\"page_item page-item-7570\"><a href=\"https:\/\/cartamundi.fr\/fr\/contact-et-devis-merci\/\">Merci de nous avoir contact\u00e9 !<\/a><\/li>\n<li class=\"page_item page-item-3403\"><a href=\"https:\/\/cartamundi.fr\/fr\/candidature-en-ligne\/\">Postulez en ligne<\/a><\/li>\n<li class=\"page_item page-item-2267\"><a href=\"https:\/\/cartamundi.fr\/fr\/\">Accueil<\/a><\/li>\n<li class=\"page_item page-item-2279\"><a href=\"https:\/\/cartamundi.fr\/fr\/histoire-cartamundi-france\/\">Cartamundi<\/a><\/li>\n<li class=\"page_item page-item-2282\"><a href=\"https:\/\/cartamundi.fr\/fr\/gouvernance-cartamundi\/\">Gouvernance du groupe<\/a><\/li>\n<li class=\"page_item page-item-2285\"><a href=\"https:\/\/cartamundi.fr\/fr\/contact-et-devis\/\">Contact et devis<\/a><\/li>\n<li class=\"page_item page-item-11456\"><a href=\"https:\/\/cartamundi.fr\/fr\/regles-de-jeux\/\">R\u00e8gles de jeux<\/a><\/li>\n<li class=\"page_item page-item-2294\"><a href=\"https:\/\/cartamundi.fr\/fr\/specifications-techniques\/\">Sp\u00e9cifications Techniques<\/a><\/li>\n<li class=\"page_item page-item-2297\"><a href=\"https:\/\/cartamundi.fr\/fr\/privacy\/\">Privacy<\/a><\/li>\n<li class=\"page_item page-item-2300\"><a href=\"https:\/\/cartamundi.fr\/fr\/general-conditions\/\">Conditions g\u00e9n\u00e9rales<\/a><\/li>\n<\/ul>\n<h2 class=\"wsp-services-title\">Services<\/h2>\n<ul class=\"wsp-services-list\">\n<li><a href=\"https:\/\/cartamundi.fr\/fr\/services\/pre-production\/\">Pr\u00e9-production<\/a><\/li>\n<li><a href=\"https:\/\/cartamundi.fr\/fr\/services\/pre-production\/prepresse\/\">Pr\u00e9presse<\/a><\/li>\n<li><a href=\"https:\/\/cartamundi.fr\/fr\/services\/pre-production\/mockups\/\">Mockups<\/a><\/li>\n<li><a href=\"https:\/\/cartamundi.fr\/fr\/services\/pre-production\/automatisation\/\">Automatisation<\/a><\/li>\n<li><a href=\"https:\/\/cartamundi.fr\/fr\/services\/co-creation\/\">Co-cr\u00e9ation<\/a><\/li>\n<li><a href=\"https:\/\/cartamundi.fr\/fr\/services\/co-creation\/conception\/\">Conception<\/a><\/li>\n<li><a href=\"https:\/\/cartamundi.fr\/fr\/services\/co-creation\/developpement-mobile-et-web\/\">D\u00e9veloppement mobile et web<\/a><\/li>\n<li><a href=\"https:\/\/cartamundi.fr\/fr\/services\/co-creation\/conception-demballage\/\">Conception d'emballage<\/a><\/li>\n<li><a href=\"https:\/\/cartamundi.fr\/fr\/services\/co-creation\/gestion-des-licences\/\">Gestion des licences<\/a><\/li>\n<li><a href=\"https:\/\/cartamundi.fr\/fr\/services\/co-creation\/design-creatif-jeux-de-cartes\/\">Design cr\u00e9atif<\/a><\/li>\n<li><a href=\"https:\/\/cartamundi.fr\/fr\/services\/co-creation\/le-developpement-du-contenu\/\">Le d\u00e9veloppement du contenu<\/a><\/li>\n<li><a href=\"https:\/\/cartamundi.fr\/fr\/services\/production\/\">Production<\/a><\/li>\n<li><a href=\"https:\/\/cartamundi.fr\/fr\/services\/production\/thermoformage\/\">Thermoformage<\/a><\/li>\n<li><a href=\"https:\/\/cartamundi.fr\/fr\/services\/production\/imprimer-production-fr-production-fr\/\">Imprimer<\/a><\/li>\n<li><a href=\"https:\/\/cartamundi.fr\/fr\/services\/production\/moulage-par-injection\/\">Moulage par injection<\/a><\/li>\n<li><a href=\"https:\/\/cartamundi.fr\/fr\/services\/production\/conversion\/\">Conversion<\/a><\/li>\n<li><a href=\"https:\/\/cartamundi.fr\/fr\/services\/conseil\/\">Conseil<\/a><\/li>\n<li><a href=\"https:\/\/cartamundi.fr\/fr\/services\/production\/carte-et-emballage\/\">Carte et emballage<\/a><\/li>\n<li><a href=\"https:\/\/cartamundi.fr\/fr\/services\/conseil\/gestion-de-projet\/\">Gestion de projet<\/a><\/li>\n<li><a href=\"https:\/\/cartamundi.fr\/fr\/services\/conseil\/optimisation-des-produits\/\">L'optimisation des produits<\/a><\/li>\n<li><a href=\"https:\/\/cartamundi.fr\/fr\/services\/conseil\/qualite-et-securite-produit\/\">Qualit\u00e9 et s\u00e9curit\u00e9 produit<\/a><\/li>\n<li><a href=\"https:\/\/cartamundi.fr\/fr\/services\/accomplissement\/\">Accomplissement<\/a><\/li>\n<li><a href=\"https:\/\/cartamundi.fr\/fr\/services\/accomplissement\/traitement\/\">Traitement<\/a><\/li>\n<li><a href=\"https:\/\/cartamundi.fr\/fr\/services\/conseil\/incubateur\/\">Incubateur<\/a><\/li>\n<li><a href=\"https:\/\/cartamundi.fr\/fr\/services\/conseil\/sourcing\/\">Sourcing<\/a><\/li>\n<li><a href=\"https:\/\/cartamundi.fr\/fr\/services\/accomplissement\/apres-vente\/\">Apr\u00e8s vente<\/a><\/li>\n<\/ul>\n<h2 class=\"wsp-casess-title\">Cases<\/h2>\n<ul class=\"wsp-casess-list\">\n<li><a href=\"https:\/\/cartamundi.fr\/fr\/cases\/pict-it\/\">Pict It, de la cr\u00e9ation \u00e0 la distribution<\/a><\/li>\n<li><a href=\"https:\/\/cartamundi.fr\/fr\/cases\/make-my-game\/\">Make My Game<\/a><\/li>\n<li><a href=\"https:\/\/cartamundi.fr\/fr\/cases\/my-cards\/\">My Cards<\/a><\/li>\n<li><a href=\"https:\/\/cartamundi.fr\/fr\/cases\/projets-speciaux\/\">Projets sp\u00e9ciaux<\/a><\/li>\n<li><a href=\"https:\/\/cartamundi.fr\/fr\/cases\/jeux-publicitaires\/\">Jeux publicitaires<\/a><\/li>\n<li><a href=\"https:\/\/cartamundi.fr\/fr\/cases\/i-cards\/\">I-Cards<\/a><\/li>\n<li><a href=\"https:\/\/cartamundi.fr\/fr\/cases\/jeux-de-cartes-shuffle\/\">Shuffle<\/a><\/li>\n<li><a href=\"https:\/\/cartamundi.fr\/fr\/cases\/cartes-a-jouer-promotion\/\">Promotion \u00e0 la carte<\/a><\/li>\n<li><a href=\"https:\/\/cartamundi.fr\/fr\/cases\/magic-the-gathering\/\">Magic : the Gathering<\/a><\/li>\n<li><a href=\"https:\/\/cartamundi.fr\/fr\/cases\/catalogue-retail\/\">Notre catalogue retail<\/a><\/li>\n<li><a href=\"https:\/\/cartamundi.fr\/fr\/cases\/howmuchtomakeaboard-com\/\">How much to make a board game<\/a><\/li>\n<\/ul>\n<h2 class=\"wsp-our-brandss-title\">Brands<\/h2>\n<ul class=\"wsp-our-brandss-list\">\n<li><a href=\"https:\/\/cartamundi.fr\/fr\/our-brands\/cartes-a-jouer-ducale\/\">Ducale<\/a><\/li>\n<li><a href=\"https:\/\/cartamundi.fr\/fr\/our-brands\/grimaud\/\">Grimaud<\/a><\/li>\n<li><a href=\"https:\/\/cartamundi.fr\/fr\/our-brands\/shuffle\/\">Shuffle<\/a><\/li>\n<li><a href=\"https:\/\/cartamundi.fr\/fr\/our-brands\/carta-magic\/\">Carta Magic<\/a><\/li>\n<li><a href=\"https:\/\/cartamundi.fr\/fr\/our-brands\/cartomancie\/\">Cartomancie<\/a><\/li>\n<li><a href=\"https:\/\/cartamundi.fr\/fr\/our-brands\/jeux-historiques\/\">\u00c9ditions Dusserre<\/a><\/li>\n<\/ul>\n<h2 class=\"wsp-presss-title\">Press releases<\/h2>\n<ul class=\"wsp-presss-list\">\n<li><a href=\"https:\/\/cartamundi.fr\/fr\/press\/cartamundi-global-fund-faq\/\">Cartamundi Global Fund \u2013  FAQ<\/a><\/li>\n<li><a href=\"https:\/\/cartamundi.fr\/fr\/press\/jeux-a-imprimer-magie-junior\/\">Des jeux \u00e0 t\u00e9l\u00e9charger gratuitement : Magie Junior Ducale.<\/a><\/li>\n<li><a href=\"https:\/\/cartamundi.fr\/fr\/press\/jeu-magie-junior-et-lassociation-magie-a-lhopital\/\">Jeu Magie Junior et l'association Magie \u00e0 l'h\u00f4pital<\/a><\/li>\n<li><a href=\"https:\/\/cartamundi.fr\/fr\/press\/the-voting-game\/\">The Voting Game<\/a><\/li>\n<li><a href=\"https:\/\/cartamundi.fr\/fr\/press\/moins-de-stress\/\">Jouer ensemble c'est... r\u00e9duire le stress et \u00e9viter les burn-out<\/a><\/li>\n<li><a href=\"https:\/\/cartamundi.fr\/fr\/press\/production-de-masques-ffp2-et-ffp3-en-belgique\/\">Medimundi annonce la production de masques FFP2 et FFP3 en Belgique<\/a><\/li>\n<li><a href=\"https:\/\/cartamundi.fr\/fr\/press\/ameliorer-la-sante-mentale\/\">Jouer ensemble, c'est... am\u00e9liorer votre sant\u00e9 mentale<\/a><\/li>\n<li><a href=\"https:\/\/cartamundi.fr\/fr\/press\/les-bienfaits-du-jeu\/\">Jouer ensemble, c'est... renforcer les liens<\/a><\/li>\n<li><a href=\"https:\/\/cartamundi.fr\/fr\/press\/solidarite-mondiale\/\">Des jeux pour \u00e9gayer la vie quotidienne<\/a><\/li>\n<li><a href=\"https:\/\/cartamundi.fr\/fr\/press\/nhs-heroes\/\">Le jeu de cartes NHS Heroes pour aider le Service National de Sant\u00e9 anglais !<\/a><\/li>\n<li><a href=\"https:\/\/cartamundi.fr\/fr\/press\/cartamundi-usa-covid19\/\">Cartamundi USA change de cap pour produire des visi\u00e8res de protection !<\/a><\/li>\n<li><a href=\"https:\/\/cartamundi.fr\/fr\/press\/jeux-a-imprimer-color-addict\/\">Des jeux \u00e0 imprimer gratuitement : Color Addict.<\/a><\/li>\n<li><a href=\"https:\/\/cartamundi.fr\/fr\/press\/jeux-a-imprimer-cartatoto\/\">Des jeux \u00e0 t\u00e9l\u00e9charger gratuitement : Cartatoto.<\/a><\/li>\n<li><a href=\"https:\/\/cartamundi.fr\/fr\/press\/stay-and-play\/\">StayAndPlay.cards : prenez le temps de jouer !<\/a><\/li>\n<li><a href=\"https:\/\/cartamundi.fr\/fr\/press\/message-important-concernant-coronavirus\/\">Message important concernant le coronavirus<\/a><\/li>\n<li><a href=\"https:\/\/cartamundi.fr\/fr\/press\/cartamundi-finalisation-acquisition-uspc\/\">Cartamundi annonce la finalisation de l\u2019acquisition de l'USPC !<\/a><\/li>\n<li><a href=\"https:\/\/cartamundi.fr\/fr\/press\/grimaud-cartomancie-90-ans-tarot-de-marseille\/\">Grimaud Cartomancie, 90 ans du Tarot de Marseille<\/a><\/li>\n<li><a href=\"https:\/\/cartamundi.fr\/fr\/press\/grimaud-cartomancie-ghost-le-musical\/\">\u00ab Ghost Le Musical \u00bb, Grimaud Cartomancie partenaire du th\u00e9\u00e2tre Mogador !<\/a><\/li>\n<li><a href=\"https:\/\/cartamundi.fr\/fr\/press\/color-addict-edition-anniversaire\/\">Color Addict, l'\u00e9dition anniversaire disponible !<\/a><\/li>\n<li><a href=\"https:\/\/cartamundi.fr\/fr\/press\/plazacity\/\">PlazaCity va casser la baraque !<\/a><\/li>\n<li><a href=\"https:\/\/cartamundi.fr\/fr\/press\/cartamundi-acquiert-uspc\/\">The United States Playing Cards Company rejoint le groupe Cartamundi !<\/a><\/li>\n<li><a href=\"https:\/\/cartamundi.fr\/fr\/press\/collection-m6-games\/\">Les Jeux D\u00e9jant\u00e9s - Collection M6 Games<\/a><\/li>\n<li><a href=\"https:\/\/cartamundi.fr\/fr\/press\/color-addict-10ans\/\">Color Addict f\u00eate ses 10 ans !<\/a><\/li>\n<li><a href=\"https:\/\/cartamundi.fr\/fr\/press\/meilleurs-voeux-2019\/\">Meilleurs v\u0153ux 2019 !<\/a><\/li>\n<li><a href=\"https:\/\/cartamundi.fr\/fr\/press\/grimaud-rose-icl\/\">Grimaud Rose \u00e0 l'Institut de Canc\u00e9rologie de Lorraine !<\/a><\/li>\n<li><a href=\"https:\/\/cartamundi.fr\/fr\/press\/cartes-grimaud\/\">Nouveau site Grimaud !<\/a><\/li>\n<li><a href=\"https:\/\/cartamundi.fr\/fr\/press\/acfjf-jouerfrancais\/\">Jouer fran\u00e7ais !<\/a><\/li>\n<li><a href=\"https:\/\/cartamundi.fr\/fr\/press\/fff-champions-du-monde\/\">Les Bleus Champions du Monde !<\/a><\/li>\n<li><a href=\"https:\/\/cartamundi.fr\/fr\/press\/grimaud-rose\/\">Les Dames sont \u00e0 l'honneur avec le jeu Grimaud Rose !<\/a><\/li>\n<li><a href=\"https:\/\/cartamundi.fr\/fr\/press\/grimaud-maison-et-objet\/\">Grimaud \u00e0 Maison & Objet !<\/a><\/li>\n<li><a href=\"https:\/\/cartamundi.fr\/fr\/press\/grimaud-junior-grand-coffret-de-jeux\/\">Un Grand Coffret de Jeux Grimaud pour les Juniors !<\/a><\/li>\n<li><a href=\"https:\/\/cartamundi.fr\/fr\/press\/addict-box\/\">Un \u00e9t\u00e9 doublement color\u00e9... et Addict' !<\/a><\/li>\n<li><a href=\"https:\/\/cartamundi.fr\/fr\/press\/ete-gaulois-france-cartes-cartamundi\/\">Un \u00e9t\u00e9 Gaulois avec France Cartes Cartamundi !<\/a><\/li>\n<li><a href=\"https:\/\/cartamundi.fr\/fr\/press\/jeux-de-cartes-des-bleus-reportage\/\">Quand les jeux d\u00e9passent les fronti\u00e8res gr\u00e2ce... au Football !<\/a><\/li>\n<li><a href=\"https:\/\/cartamundi.fr\/fr\/press\/stefaan-merckx-ceo-cartamundi\/\">Stefaan Merckx devient le nouveau CEO de Cartamundi<\/a><\/li>\n<li><a href=\"https:\/\/cartamundi.fr\/fr\/press\/fff-jeux-officiels\/\">Les jeux de cartes officiels de l'\u00c9quipe de France de Football<\/a><\/li>\n<li><a href=\"https:\/\/cartamundi.fr\/fr\/press\/grimaud-origine-coffrets-pret-a-jouer\/\">Grimaud Origine : coffrets PR\u00caT-\u00c0-JOUER<\/a><\/li>\n<li><a href=\"https:\/\/cartamundi.fr\/fr\/press\/grimaud-malikafavre-alicebalas\/\">Grimaud x Malika Favre & Alice Balas<\/a><\/li>\n<li><a href=\"https:\/\/cartamundi.fr\/fr\/press\/communiques-de-presse\/\">Communiqu\u00e9s de presse Cartamundi France<\/a><\/li>\n<li><a href=\"https:\/\/cartamundi.fr\/fr\/press\/reportage-tv-france-cartes-cartamundi\/\">TF1 Reportage TV : \u00e0 la d\u00e9couverte de France Cartes Cartamundi !<\/a><\/li>\n<li><a href=\"https:\/\/cartamundi.fr\/fr\/press\/color-addict-festival-international-jeux-a-cannes\/\">Color Addict au Festival International des Jeux \u00e0 Cannes !<\/a><\/li>\n<li><a href=\"https:\/\/cartamundi.fr\/fr\/press\/grimaud-170-ans-de-savoir-faire\/\">Grimaud, 170 ans de savoir-faire<\/a><\/li>\n<li><a href=\"https:\/\/cartamundi.fr\/fr\/press\/belote-grimaud-junior-sinvite-a-maison-maternelles-france-5\/\">La Belote Grimaud Junior s'invite \u00e0 la Maison des Maternelles sur France 5 !<\/a><\/li>\n<li><a href=\"https:\/\/cartamundi.fr\/fr\/press\/cartamundi-mourns-chris-van-doorslaer\/\">Cartamundi mourns Chris Van Doorslaer<\/a><\/li>\n<li><a href=\"https:\/\/cartamundi.fr\/fr\/press\/ceo-of-cartamundi-wins-2015-belgian-manager-of-the-year-award\/\">CEO of Cartamundi wins 2015 Belgian Manager Of The Year award<\/a><\/li>\n<li><a href=\"https:\/\/cartamundi.fr\/fr\/press\/cartamundi-winner-of-company-of-the-year-in-new-york\/\">Cartamundi winner of 'Company of the Year' in New York<\/a><\/li>\n<li><a href=\"https:\/\/cartamundi.fr\/fr\/press\/acquisition-of-hasbro-facilities-finalized\/\">Acquisition of Hasbro facilities finalized<\/a><\/li>\n<li><a href=\"https:\/\/cartamundi.fr\/fr\/press\/hasbro-and-cartamundi-sign-a-letter-of-intent-for-east-longmeadow-massachusetts-and-waterford-ireland-manufacturing-facilities\/\">Hasbro and Cartamundi Sign a Letter of Intent for Manufacturing Facilities<\/a><\/li>\n<\/ul>\n<h2 class=\"wsp-careers-title\">Emplois<\/h2>\n<ul class=\"wsp-careers-list\">\n<li><a href=\"https:\/\/cartamundi.fr\/fr\/careers\/graphiste-creatif-f-h-alternance\/\">Graphiste Cr\u00e9atif (F\/H) en alternance<\/a><\/li>\n<li><a href=\"https:\/\/cartamundi.fr\/fr\/careers\/communication-f-h-alternance\/\">Alternant(e) en communication (F\/H)<\/a><\/li>\n<li><a href=\"https:\/\/cartamundi.fr\/fr\/careers\/aide-conducteur-offset\/\">Aide conducteur offset H\/F<\/a><\/li>\n<\/ul>\n<h2 class=\"wsp-locations-title\">Cartamundi dans le monde<\/h2>\n<ul class=\"wsp-locations-list\">\n<li><a href=\"https:\/\/cartamundi.fr\/fr\/our-locations\/cartamundi-%c2%adheadquarters\/\">Cartamundi NV\/SA \u2013 Headquarters<\/a><\/li>\n<li><a href=\"https:\/\/cartamundi.fr\/fr\/our-locations\/cartamundi-services-nv-sa-headquarters\/\">Cartamundi Services NV\/SA \u2013 Headquarters<\/a><\/li>\n<li><a href=\"https:\/\/cartamundi.fr\/fr\/our-locations\/japan-card-products-co-ltd\/\">Japan Card Products Co., Ltd.<\/a><\/li>\n<li><a href=\"https:\/\/cartamundi.fr\/fr\/our-locations\/copag-da-amazonia-s\/\">Copag da Amazonia S.A.<\/a><\/li>\n<li><a href=\"https:\/\/cartamundi.fr\/fr\/our-locations\/parksons-cartamundi-pvt-ltd\/\">Parksons Cartamundi PVT. LTD.<\/a><\/li>\n<li><a href=\"https:\/\/cartamundi.fr\/fr\/our-locations\/cartamundi-italy-s-r-l\/\">Cartamundi Italy<\/a><\/li>\n<li><a href=\"https:\/\/cartamundi.fr\/fr\/our-locations\/cartamundi-ireland-ltd\/\">Cartamundi Ireland Ltd<\/a><\/li>\n<li><a href=\"https:\/\/cartamundi.fr\/fr\/our-locations\/cartamundi-digital-nv\/\">Cartamundi - Digital NV<\/a><\/li>\n<li><a href=\"https:\/\/cartamundi.fr\/fr\/our-locations\/cartamundi-polska-sp-z-o-o\/\">Cartamundi Polska Sp. z o.o.<\/a><\/li>\n<li><a href=\"https:\/\/cartamundi.fr\/fr\/our-locations\/cartamundi-espana-s-l\/\">Cartamundi Espa\u00f1a, S.L.<\/a><\/li>\n<li><a href=\"https:\/\/cartamundi.fr\/fr\/our-locations\/cartamundi-hungary-kft\/\">Cartamundi Hungary Kft.<\/a><\/li>\n<li><a href=\"https:\/\/cartamundi.fr\/fr\/our-locations\/cartamundi-east-longmeadow-llc\/\">Cartamundi East Longmeadow LLC<\/a><\/li>\n<li><a href=\"https:\/\/cartamundi.fr\/fr\/our-locations\/cartamundi-nordic-ab\/\">Cartamundi Nordic AB<\/a><\/li>\n<li><a href=\"https:\/\/cartamundi.fr\/fr\/our-locations\/konigsfurt-urania-verlag-gmbh\/\">K\u00f6nigsfurt Urania Verlag GmbH<\/a><\/li>\n<li><a href=\"https:\/\/cartamundi.fr\/fr\/our-locations\/ass-spielkartenfabrik-altenburg-gmbh\/\">ASS\/ Spielkartenfabrik Altenburg GmbH<\/a><\/li>\n<li><a href=\"https:\/\/cartamundi.fr\/fr\/our-locations\/agm-agmuller\/\">AGM AGM\u00fcller<\/a><\/li>\n<li><a href=\"https:\/\/cartamundi.fr\/fr\/our-locations\/cartamundi-nederland-b-v\/\">Cartamundi Nederland B.V .<\/a><\/li>\n<li><a href=\"https:\/\/cartamundi.fr\/fr\/our-locations\/cartamundi-france-saint-max\/\">Cartamundi France<\/a><\/li>\n<li><a href=\"https:\/\/cartamundi.fr\/fr\/our-locations\/cartamundi-france-levallois-perret\/\">Cartamundi France S.A.R.L<\/a><\/li>\n<li><a href=\"https:\/\/cartamundi.fr\/fr\/our-locations\/cartamundi-uk-ltd\/\">Cartamundi UK Ltd.<\/a><\/li>\n<li><a href=\"https:\/\/cartamundi.fr\/fr\/our-locations\/cartamundi-usa-inc\/\">Cartamundi USA, INC.<\/a><\/li>\n<li><a href=\"https:\/\/cartamundi.fr\/fr\/our-locations\/cartamundi-asia-pacific-pte-ltd\/\">Cartamundi Asia Pacific Pte. Ltd.<\/a><\/li>\n<\/ul>\n<h2 class=\"wsp-case-categoriess-title\">Case categories<\/h2>\n<ul class=\"wsp-case-categoriess-list\">\n<li><a href=\"https:\/\/cartamundi.fr\/fr\/cases-category\/produits-grand\/\">Distribution<\/a><\/li>\n<li><a href=\"https:\/\/cartamundi.fr\/fr\/cases-category\/fabrication\/\">Fabrication de jeux<\/a><\/li>\n<li><a href=\"https:\/\/cartamundi.fr\/fr\/cases-category\/promo\/\">Promotion<\/a><\/li>\n<\/ul>\n<h2 class=\"wsp-brand-categoriess-title\">Brand categories<\/h2>\n<ul class=\"wsp-brand-categoriess-list\">\n<li><a href=\"https:\/\/cartamundi.fr\/fr\/our-brands-category\/jeux-educatifs\/\">Jeux \u00e9ducatifs<\/a><\/li>\n<li><a href=\"https:\/\/cartamundi.fr\/fr\/our-brands-category\/jeux-ambiance\/\">Jeux famille - ambiance<\/a><\/li>\n<li><a href=\"https:\/\/cartamundi.fr\/fr\/our-brands-category\/magie\/\">Magie<\/a><\/li>\n<li><a href=\"https:\/\/cartamundi.fr\/fr\/our-brands-category\/cartes-a-jouer\/\">Cartes \u00e0 jouer<\/a><\/li>\n<li><a href=\"https:\/\/cartamundi.fr\/fr\/our-brands-category\/jeux-traditionnels\/\">Jeux traditionnels<\/a><\/li>\n<\/ul>\n<h2 class=\"wsp-press-categoriess-title\">Press categories<\/h2>\n<ul class=\"wsp-press-categoriess-list\">\n<li><a href=\"https:\/\/cartamundi.fr\/fr\/press-category\/communiques-de-presse\/\">Communiqu\u00e9s de presse<\/a><\/li>\n<li><a href=\"https:\/\/cartamundi.fr\/fr\/press-category\/actu-france\/\">\u00c0 l'actu - France<\/a><\/li>\n<li><a href=\"https:\/\/cartamundi.fr\/fr\/press-category\/international-news\/\">International news<\/a><\/li>\n<\/ul>\n<h2 class=\"wsp-career-types-title\">Career types<\/h2>\n<ul class=\"wsp-career-types-list\">\n<li><a href=\"https:\/\/cartamundi.fr\/fr\/career-type\/stage-alternance\/\">Stage \/ alternance<\/a><\/li>\n<li><a href=\"https:\/\/cartamundi.fr\/fr\/career-type\/cdd_cdi\/\">CDD \/ CDI<\/a><\/li>\n<\/ul>\n<h2 class=\"wsp-countrys-title\">Countries<\/h2>\n<ul class=\"wsp-countrys-list\">\n<li><a href=\"https:\/\/cartamundi.fr\/fr\/country\/americas\/\">Americas<\/a><\/li>\n<li><a href=\"https:\/\/cartamundi.fr\/fr\/country\/asia\/\">Asia<\/a><\/li>\n<li><a href=\"https:\/\/cartamundi.fr\/fr\/country\/belgium\/\">Belgium<\/a><\/li>\n<li><a href=\"https:\/\/cartamundi.fr\/fr\/country\/brazil\/\">Brazil<\/a><\/li>\n<li><a href=\"https:\/\/cartamundi.fr\/fr\/country\/europe\/\">Europe<\/a><\/li>\n<li><a href=\"https:\/\/cartamundi.fr\/fr\/country\/france\/\">France<\/a><\/li>\n<li><a href=\"https:\/\/cartamundi.fr\/fr\/country\/germany\/\">Germany<\/a><\/li>\n<li><a href=\"https:\/\/cartamundi.fr\/fr\/country\/hungary\/\">Hungary<\/a><\/li>\n<li><a href=\"https:\/\/cartamundi.fr\/fr\/country\/india\/\">India<\/a><\/li>\n<li><a href=\"https:\/\/cartamundi.fr\/fr\/country\/ireland\/\">Ireland<\/a><\/li>\n<li><a href=\"https:\/\/cartamundi.fr\/fr\/country\/italy\/\">Italy<\/a><\/li>\n<li><a href=\"https:\/\/cartamundi.fr\/fr\/country\/japan\/\">Japan<\/a><\/li>\n<li><a href=\"https:\/\/cartamundi.fr\/fr\/country\/netherlands\/\">Netherlands<\/a><\/li>\n<li><a href=\"https:\/\/cartamundi.fr\/fr\/country\/poland\/\">Poland<\/a><\/li>\n<li><a href=\"https:\/\/cartamundi.fr\/fr\/country\/singapore\/\">Singapore<\/a><\/li>\n<li><a href=\"https:\/\/cartamundi.fr\/fr\/country\/spain\/\">Spain<\/a><\/li>\n<li><a href=\"https:\/\/cartamundi.fr\/fr\/country\/sweden\/\">Sweden<\/a><\/li>\n<li><a href=\"https:\/\/cartamundi.fr\/fr\/country\/united-kingdom\/\">United Kingdom<\/a><\/li>\n<li><a href=\"https:\/\/cartamundi.fr\/fr\/country\/usa\/\">USA<\/a><\/li>\n<\/ul>\n<\/div>\n","protected":false},"excerpt":{"rendered":"","protected":false},"author":1,"featured_media":0,"parent":0,"menu_order":9,"comment_status":"closed","ping_status":"closed","template":"","meta":[],"pure_taxonomies":[],"acf":[],"_links":{"self":[{"href":"https:\/\/cartamundi.fr\/fr\/wp-json\/wp\/v2\/pages\/8880"}],"collection":[{"href":"https:\/\/cartamundi.fr\/fr\/wp-json\/wp\/v2\/pages"}],"about":[{"href":"https:\/\/cartamundi.fr\/fr\/wp-json\/wp\/v2\/types\/page"}],"author":[{"embeddable":true,"href":"https:\/\/cartamundi.fr\/fr\/wp-json\/wp\/v2\/users\/1"}],"replies":[{"embeddable":true,"href":"https:\/\/cartamundi.fr\/fr\/wp-json\/wp\/v2\/comments?post=8880"}],"version-history":[{"count":1,"href":"https:\/\/cartamundi.fr\/fr\/wp-json\/wp\/v2\/pages\/8880\/revisions"}],"predecessor-version":[{"id":8881,"href":"https:\/\/cartamundi.fr\/fr\/wp-json\/wp\/v2\/pages\/8880\/revisions\/8881"}],"wp:attachment":[{"href":"https:\/\/cartamundi.fr\/fr\/wp-json\/wp\/v2\/media?parent=8880"}],"curies":[{"name":"wp","href":"https:\/\/api.w.org\/{rel}","templated":true}]}}